{"id":3541,"date":"2022-10-05T14:51:32","date_gmt":"2022-10-05T12:51:32","guid":{"rendered":"https:\/\/spisskapalenica.sk\/?post_type=product&#038;p=3541"},"modified":"2024-12-06T12:11:33","modified_gmt":"2024-12-06T11:11:33","slug":"slivovitz-plum-brandy-reserva-52-07-l","status":"publish","type":"product","link":"https:\/\/spisskapalenica.sk\/en\/produkt\/slivovitz-plum-brandy-reserva-52-07-l\/","title":{"rendered":"Slivovitz &#8211; Plum Brandy Reserva 52% 0,7 l"},"content":{"rendered":"<h3>About the product<\/h3>\n<p>Plum brandy RESERVA represents a\u00a0top- class appreciation of the distillery tradition in the region Spi\u0161.\u00a0\u00a0 Natural wealth that has been utilized by the distillers since the ages keeps in harmony with the tradition and the latest distillate production. Original recipe of the distillate has been preserved and it is produced directly in the Spi\u0161\u00b4s Distillery.<\/p>\n<p>This product is exceptional thanks to 7- stage distillation and ageing in the barrels made of English oak. Purity and fineness of the plum brandy comes from the water springs in the Tatra Mountains and specific filtration taking place at temperature of -9 \u00b0C. Blending takes place in wooden tanks made of French oak. Distillate ages in these tanks and its taste is blended.<br \/>\nThe beverage encompasses the noble taste of ripened plums and its flavor can be partly attributed to the maturing in barrels.<\/p>\n<p>Enjoy this exceptional masterpiece made for you with love.<\/p>\n<h4>0,7 l, 50 ml<\/h4>\n<h3>Awards<\/h3>\n<h3><img decoding=\"async\" class=\"alignnone wp-image-5356\" src=\"https:\/\/spisskapalenica.sk\/wp-content\/uploads\/2021\/06\/gold-1-2.png\" alt=\"\" width=\"100\" height=\"100\" srcset=\"https:\/\/spisskapalenica.sk\/wp-content\/uploads\/2021\/06\/gold-1-2.png 440w, https:\/\/spisskapalenica.sk\/wp-content\/uploads\/2021\/06\/gold-1-2-100x100.png 100w\" sizes=\"(max-width: 100px) 100vw, 100px\" \/><img decoding=\"async\" class=\"alignnone wp-image-5345\" src=\"https:\/\/spisskapalenica.sk\/wp-content\/uploads\/2021\/06\/usasr-silvermedal-2024.png\" alt=\"\" width=\"100\" height=\"100\" srcset=\"https:\/\/spisskapalenica.sk\/wp-content\/uploads\/2021\/06\/usasr-silvermedal-2024.png 440w, https:\/\/spisskapalenica.sk\/wp-content\/uploads\/2021\/06\/usasr-silvermedal-2024-100x100.png 100w\" sizes=\"(max-width: 100px) 100vw, 100px\" \/><\/h3>\n","protected":false},"excerpt":{"rendered":"<p>Following the rich history it is our honour to inherit and hand down the distilling tradition from generation to generation. Slivovitz &#8211; Plum Brandy RESERVA 52 % is a part of it!<\/p>\n","protected":false},"featured_media":4309,"template":"","meta":[],"product_brand":[],"product_cat":[77,72],"product_tag":[],"class_list":{"0":"post-3541","1":"product","2":"type-product","3":"status-publish","4":"has-post-thumbnail","6":"product_cat-07-l-en-3","7":"product_cat-spisska-reserva-en","9":"first","10":"instock","11":"taxable","12":"shipping-taxable","13":"product-type-simple"},"yoast_head":"<!-- This site is optimized with the Yoast SEO plugin v25.4 - https:\/\/yoast.com\/wordpress\/plugins\/seo\/ -->\n<title>Slivovitz - Plum Brandy Reserva 52% 0,7 l - Spi\u0161sk\u00e1 P\u00e1lenica<\/title>\n<meta name=\"robots\" content=\"index, follow, max-snippet:-1, max-image-preview:large, max-video-preview:-1\" \/>\n<link rel=\"canonical\" href=\"https:\/\/spisskapalenica.sk\/en\/produkt\/slivovitz-plum-brandy-reserva-52-07-l\/\" \/>\n<meta property=\"og:locale\" content=\"en_US\" \/>\n<meta property=\"og:type\" content=\"article\" \/>\n<meta property=\"og:title\" content=\"Slivovitz - Plum Brandy Reserva 52% 0,7 l - Spi\u0161sk\u00e1 P\u00e1lenica\" \/>\n<meta property=\"og:description\" content=\"Following the rich history it is our honour to inherit and hand down the distilling tradition from generation to generation. Slivovitz - Plum Brandy RESERVA 52 % is a part of it!\" \/>\n<meta property=\"og:url\" content=\"https:\/\/spisskapalenica.sk\/en\/produkt\/slivovitz-plum-brandy-reserva-52-07-l\/\" \/>\n<meta property=\"og:site_name\" content=\"Spi\u0161sk\u00e1 P\u00e1lenica\" \/>\n<meta property=\"article:modified_time\" content=\"2024-12-06T11:11:33+00:00\" \/>\n<meta property=\"og:image\" content=\"https:\/\/spisskapalenica.sk\/wp-content\/uploads\/2022\/10\/slivovica.png\" \/>\n\t<meta property=\"og:image:width\" content=\"1500\" \/>\n\t<meta property=\"og:image:height\" content=\"1500\" \/>\n\t<meta property=\"og:image:type\" content=\"image\/png\" \/>\n<meta name=\"twitter:card\" content=\"summary_large_image\" \/>\n<meta name=\"twitter:label1\" content=\"Est. reading time\" \/>\n\t<meta name=\"twitter:data1\" content=\"2 minutes\" \/>\n<script type=\"application\/ld+json\" class=\"yoast-schema-graph\">{\"@context\":\"https:\/\/schema.org\",\"@graph\":[{\"@type\":\"WebPage\",\"@id\":\"https:\/\/spisskapalenica.sk\/en\/produkt\/slivovitz-plum-brandy-reserva-52-07-l\/\",\"url\":\"https:\/\/spisskapalenica.sk\/en\/produkt\/slivovitz-plum-brandy-reserva-52-07-l\/\",\"name\":\"Slivovitz - Plum Brandy Reserva 52% 0,7 l - Spi\u0161sk\u00e1 P\u00e1lenica\",\"isPartOf\":{\"@id\":\"https:\/\/spisskapalenica.sk\/en\/#website\"},\"primaryImageOfPage\":{\"@id\":\"https:\/\/spisskapalenica.sk\/en\/produkt\/slivovitz-plum-brandy-reserva-52-07-l\/#primaryimage\"},\"image\":{\"@id\":\"https:\/\/spisskapalenica.sk\/en\/produkt\/slivovitz-plum-brandy-reserva-52-07-l\/#primaryimage\"},\"thumbnailUrl\":\"https:\/\/spisskapalenica.sk\/wp-content\/uploads\/2022\/10\/slivovica.png\",\"datePublished\":\"2022-10-05T12:51:32+00:00\",\"dateModified\":\"2024-12-06T11:11:33+00:00\",\"breadcrumb\":{\"@id\":\"https:\/\/spisskapalenica.sk\/en\/produkt\/slivovitz-plum-brandy-reserva-52-07-l\/#breadcrumb\"},\"inLanguage\":\"en-US\",\"potentialAction\":[{\"@type\":\"ReadAction\",\"target\":[\"https:\/\/spisskapalenica.sk\/en\/produkt\/slivovitz-plum-brandy-reserva-52-07-l\/\"]}]},{\"@type\":\"ImageObject\",\"inLanguage\":\"en-US\",\"@id\":\"https:\/\/spisskapalenica.sk\/en\/produkt\/slivovitz-plum-brandy-reserva-52-07-l\/#primaryimage\",\"url\":\"https:\/\/spisskapalenica.sk\/wp-content\/uploads\/2022\/10\/slivovica.png\",\"contentUrl\":\"https:\/\/spisskapalenica.sk\/wp-content\/uploads\/2022\/10\/slivovica.png\",\"width\":1500,\"height\":1500},{\"@type\":\"BreadcrumbList\",\"@id\":\"https:\/\/spisskapalenica.sk\/en\/produkt\/slivovitz-plum-brandy-reserva-52-07-l\/#breadcrumb\",\"itemListElement\":[{\"@type\":\"ListItem\",\"position\":1,\"name\":\"Domovsk\u00e1 str\u00e1nka\",\"item\":\"https:\/\/spisskapalenica.sk\/en\/\"},{\"@type\":\"ListItem\",\"position\":2,\"name\":\"Shop\",\"item\":\"https:\/\/spisskapalenica.sk\/shop\/\"},{\"@type\":\"ListItem\",\"position\":3,\"name\":\"Slivovitz &#8211; Plum Brandy Reserva 52% 0,7 l\"}]},{\"@type\":\"WebSite\",\"@id\":\"https:\/\/spisskapalenica.sk\/en\/#website\",\"url\":\"https:\/\/spisskapalenica.sk\/en\/\",\"name\":\"Spi\u0161sk\u00e1 P\u00e1lenica\",\"description\":\"Unik\u00e1t na Severnom Spi\u0161i\",\"publisher\":{\"@id\":\"https:\/\/spisskapalenica.sk\/en\/#organization\"},\"potentialAction\":[{\"@type\":\"SearchAction\",\"target\":{\"@type\":\"EntryPoint\",\"urlTemplate\":\"https:\/\/spisskapalenica.sk\/en\/?s={search_term_string}\"},\"query-input\":{\"@type\":\"PropertyValueSpecification\",\"valueRequired\":true,\"valueName\":\"search_term_string\"}}],\"inLanguage\":\"en-US\"},{\"@type\":\"Organization\",\"@id\":\"https:\/\/spisskapalenica.sk\/en\/#organization\",\"name\":\"Spi\u0161sk\u00e1 P\u00e1lenica\",\"url\":\"https:\/\/spisskapalenica.sk\/en\/\",\"logo\":{\"@type\":\"ImageObject\",\"inLanguage\":\"en-US\",\"@id\":\"https:\/\/spisskapalenica.sk\/en\/#\/schema\/logo\/image\/\",\"url\":\"https:\/\/spisskapalenica.sk\/wp-content\/uploads\/2021\/06\/logo-spisska-palenica.svg\",\"contentUrl\":\"https:\/\/spisskapalenica.sk\/wp-content\/uploads\/2021\/06\/logo-spisska-palenica.svg\",\"width\":1770.5,\"height\":304.3999999999999772626324556767940521240234375,\"caption\":\"Spi\u0161sk\u00e1 P\u00e1lenica\"},\"image\":{\"@id\":\"https:\/\/spisskapalenica.sk\/en\/#\/schema\/logo\/image\/\"}}]}<\/script>\n<!-- \/ Yoast SEO plugin. -->","yoast_head_json":{"title":"Slivovitz - Plum Brandy Reserva 52% 0,7 l - Spi\u0161sk\u00e1 P\u00e1lenica","robots":{"index":"index","follow":"follow","max-snippet":"max-snippet:-1","max-image-preview":"max-image-preview:large","max-video-preview":"max-video-preview:-1"},"canonical":"https:\/\/spisskapalenica.sk\/en\/produkt\/slivovitz-plum-brandy-reserva-52-07-l\/","og_locale":"en_US","og_type":"article","og_title":"Slivovitz - Plum Brandy Reserva 52% 0,7 l - Spi\u0161sk\u00e1 P\u00e1lenica","og_description":"Following the rich history it is our honour to inherit and hand down the distilling tradition from generation to generation. Slivovitz - Plum Brandy RESERVA 52 % is a part of it!","og_url":"https:\/\/spisskapalenica.sk\/en\/produkt\/slivovitz-plum-brandy-reserva-52-07-l\/","og_site_name":"Spi\u0161sk\u00e1 P\u00e1lenica","article_modified_time":"2024-12-06T11:11:33+00:00","og_image":[{"width":1500,"height":1500,"url":"https:\/\/spisskapalenica.sk\/wp-content\/uploads\/2022\/10\/slivovica.png","type":"image\/png"}],"twitter_card":"summary_large_image","twitter_misc":{"Est. reading time":"2 minutes"},"schema":{"@context":"https:\/\/schema.org","@graph":[{"@type":"WebPage","@id":"https:\/\/spisskapalenica.sk\/en\/produkt\/slivovitz-plum-brandy-reserva-52-07-l\/","url":"https:\/\/spisskapalenica.sk\/en\/produkt\/slivovitz-plum-brandy-reserva-52-07-l\/","name":"Slivovitz - Plum Brandy Reserva 52% 0,7 l - Spi\u0161sk\u00e1 P\u00e1lenica","isPartOf":{"@id":"https:\/\/spisskapalenica.sk\/en\/#website"},"primaryImageOfPage":{"@id":"https:\/\/spisskapalenica.sk\/en\/produkt\/slivovitz-plum-brandy-reserva-52-07-l\/#primaryimage"},"image":{"@id":"https:\/\/spisskapalenica.sk\/en\/produkt\/slivovitz-plum-brandy-reserva-52-07-l\/#primaryimage"},"thumbnailUrl":"https:\/\/spisskapalenica.sk\/wp-content\/uploads\/2022\/10\/slivovica.png","datePublished":"2022-10-05T12:51:32+00:00","dateModified":"2024-12-06T11:11:33+00:00","breadcrumb":{"@id":"https:\/\/spisskapalenica.sk\/en\/produkt\/slivovitz-plum-brandy-reserva-52-07-l\/#breadcrumb"},"inLanguage":"en-US","potentialAction":[{"@type":"ReadAction","target":["https:\/\/spisskapalenica.sk\/en\/produkt\/slivovitz-plum-brandy-reserva-52-07-l\/"]}]},{"@type":"ImageObject","inLanguage":"en-US","@id":"https:\/\/spisskapalenica.sk\/en\/produkt\/slivovitz-plum-brandy-reserva-52-07-l\/#primaryimage","url":"https:\/\/spisskapalenica.sk\/wp-content\/uploads\/2022\/10\/slivovica.png","contentUrl":"https:\/\/spisskapalenica.sk\/wp-content\/uploads\/2022\/10\/slivovica.png","width":1500,"height":1500},{"@type":"BreadcrumbList","@id":"https:\/\/spisskapalenica.sk\/en\/produkt\/slivovitz-plum-brandy-reserva-52-07-l\/#breadcrumb","itemListElement":[{"@type":"ListItem","position":1,"name":"Domovsk\u00e1 str\u00e1nka","item":"https:\/\/spisskapalenica.sk\/en\/"},{"@type":"ListItem","position":2,"name":"Shop","item":"https:\/\/spisskapalenica.sk\/shop\/"},{"@type":"ListItem","position":3,"name":"Slivovitz &#8211; Plum Brandy Reserva 52% 0,7 l"}]},{"@type":"WebSite","@id":"https:\/\/spisskapalenica.sk\/en\/#website","url":"https:\/\/spisskapalenica.sk\/en\/","name":"Spi\u0161sk\u00e1 P\u00e1lenica","description":"Unik\u00e1t na Severnom Spi\u0161i","publisher":{"@id":"https:\/\/spisskapalenica.sk\/en\/#organization"},"potentialAction":[{"@type":"SearchAction","target":{"@type":"EntryPoint","urlTemplate":"https:\/\/spisskapalenica.sk\/en\/?s={search_term_string}"},"query-input":{"@type":"PropertyValueSpecification","valueRequired":true,"valueName":"search_term_string"}}],"inLanguage":"en-US"},{"@type":"Organization","@id":"https:\/\/spisskapalenica.sk\/en\/#organization","name":"Spi\u0161sk\u00e1 P\u00e1lenica","url":"https:\/\/spisskapalenica.sk\/en\/","logo":{"@type":"ImageObject","inLanguage":"en-US","@id":"https:\/\/spisskapalenica.sk\/en\/#\/schema\/logo\/image\/","url":"https:\/\/spisskapalenica.sk\/wp-content\/uploads\/2021\/06\/logo-spisska-palenica.svg","contentUrl":"https:\/\/spisskapalenica.sk\/wp-content\/uploads\/2021\/06\/logo-spisska-palenica.svg","width":1770.5,"height":304.3999999999999772626324556767940521240234375,"caption":"Spi\u0161sk\u00e1 P\u00e1lenica"},"image":{"@id":"https:\/\/spisskapalenica.sk\/en\/#\/schema\/logo\/image\/"}}]}},"_links":{"self":[{"href":"https:\/\/spisskapalenica.sk\/en\/wp-json\/wp\/v2\/product\/3541","targetHints":{"allow":["GET"]}}],"collection":[{"href":"https:\/\/spisskapalenica.sk\/en\/wp-json\/wp\/v2\/product"}],"about":[{"href":"https:\/\/spisskapalenica.sk\/en\/wp-json\/wp\/v2\/types\/product"}],"wp:featuredmedia":[{"embeddable":true,"href":"https:\/\/spisskapalenica.sk\/en\/wp-json\/wp\/v2\/media\/4309"}],"wp:attachment":[{"href":"https:\/\/spisskapalenica.sk\/en\/wp-json\/wp\/v2\/media?parent=3541"}],"wp:term":[{"taxonomy":"product_brand","embeddable":true,"href":"https:\/\/spisskapalenica.sk\/en\/wp-json\/wp\/v2\/product_brand?post=3541"},{"taxonomy":"product_cat","embeddable":true,"href":"https:\/\/spisskapalenica.sk\/en\/wp-json\/wp\/v2\/product_cat?post=3541"},{"taxonomy":"product_tag","embeddable":true,"href":"https:\/\/spisskapalenica.sk\/en\/wp-json\/wp\/v2\/product_tag?post=3541"}],"curies":[{"name":"wp","href":"https:\/\/api.w.org\/{rel}","templated":true}]}}