{"id":3434,"date":"2021-06-07T16:54:07","date_gmt":"2022-10-05T10:24:48","guid":{"rendered":"https:\/\/spisskapalenica.sk\/produkt\/original-spisska-cornelian-cherry-brandy-40-07-l-kosher\/"},"modified":"2025-04-03T11:42:23","modified_gmt":"2025-04-03T09:42:23","slug":"original-spisska-drienkovica-40-07-l-kosher-2","status":"publish","type":"product","link":"https:\/\/spisskapalenica.sk\/en\/produkt\/original-spisska-drienkovica-40-07-l-kosher-2\/","title":{"rendered":"Original Spi\u0161sk\u00e1 Cornelian Cherry Brandy 40% 0,7 l KOSHER"},"content":{"rendered":"<h3>Awards<\/h3>\n<h3><img decoding=\"async\" class=\"alignnone wp-image-5342\" src=\"https:\/\/spisskapalenica.sk\/wp-content\/uploads\/2021\/06\/asset-26.png\" alt=\"\" width=\"100\" height=\"100\" srcset=\"https:\/\/spisskapalenica.sk\/wp-content\/uploads\/2021\/06\/asset-26.png 440w, https:\/\/spisskapalenica.sk\/wp-content\/uploads\/2021\/06\/asset-26-100x100.png 100w\" sizes=\"(max-width: 100px) 100vw, 100px\" \/><img decoding=\"async\" class=\"alignnone wp-image-5356\" src=\"https:\/\/spisskapalenica.sk\/wp-content\/uploads\/2021\/06\/gold-1-2.png\" alt=\"\" width=\"100\" height=\"100\" srcset=\"https:\/\/spisskapalenica.sk\/wp-content\/uploads\/2021\/06\/gold-1-2.png 440w, https:\/\/spisskapalenica.sk\/wp-content\/uploads\/2021\/06\/gold-1-2-100x100.png 100w\" sizes=\"(max-width: 100px) 100vw, 100px\" \/><img decoding=\"async\" class=\"alignnone wp-image-5345\" src=\"https:\/\/spisskapalenica.sk\/wp-content\/uploads\/2021\/06\/usasr-silvermedal-2024.png\" alt=\"\" width=\"100\" height=\"100\" srcset=\"https:\/\/spisskapalenica.sk\/wp-content\/uploads\/2021\/06\/usasr-silvermedal-2024.png 440w, https:\/\/spisskapalenica.sk\/wp-content\/uploads\/2021\/06\/usasr-silvermedal-2024-100x100.png 100w\" sizes=\"(max-width: 100px) 100vw, 100px\" \/><img loading=\"lazy\" decoding=\"async\" class=\"alignnone wp-image-5458\" src=\"https:\/\/spisskapalenica.sk\/wp-content\/uploads\/2021\/06\/zlaty-2025-stamperlik.png\" alt=\"\" width=\"100\" height=\"100\" srcset=\"https:\/\/spisskapalenica.sk\/wp-content\/uploads\/2021\/06\/zlaty-2025-stamperlik.png 440w, https:\/\/spisskapalenica.sk\/wp-content\/uploads\/2021\/06\/zlaty-2025-stamperlik-100x100.png 100w\" sizes=\"(max-width: 100px) 100vw, 100px\" \/><\/h3>\n","protected":false},"excerpt":{"rendered":"<p>The atmosphere of forest corners with ripening cornelian cherries, materialized in the delicious taste of carefully picked red fruit. Its exceptional and characteristic taste enhanced with typical aroma of savory fruit guarantees a unique opportunity to enjoy the quality in harmony with the nature.<\/p>\n<h4>0,7 l, 0,5 l<\/h4>\n","protected":false},"featured_media":4301,"template":"","meta":[],"product_brand":[],"product_cat":[64,63],"product_tag":[],"class_list":{"0":"post-3434","1":"product","2":"type-product","3":"status-publish","4":"has-post-thumbnail","6":"product_cat-07-l-en-2","7":"product_cat-original-spisska-kosher-en","9":"first","10":"instock","11":"taxable","12":"shipping-taxable","13":"product-type-simple"},"yoast_head":"<!-- This site is optimized with the Yoast SEO plugin v25.4 - https:\/\/yoast.com\/wordpress\/plugins\/seo\/ -->\n<title>Original Spi\u0161sk\u00e1 Cornelian Cherry Brandy 40% 0,7 l KOSHER - Spi\u0161sk\u00e1 P\u00e1lenica<\/title>\n<meta name=\"robots\" content=\"index, follow, max-snippet:-1, max-image-preview:large, max-video-preview:-1\" \/>\n<link rel=\"canonical\" href=\"https:\/\/spisskapalenica.sk\/en\/produkt\/original-spisska-drienkovica-40-07-l-kosher-2\/\" \/>\n<meta property=\"og:locale\" content=\"en_US\" \/>\n<meta property=\"og:type\" content=\"article\" \/>\n<meta property=\"og:title\" content=\"Original Spi\u0161sk\u00e1 Cornelian Cherry Brandy 40% 0,7 l KOSHER - Spi\u0161sk\u00e1 P\u00e1lenica\" \/>\n<meta property=\"og:description\" content=\"The atmosphere of forest corners with ripening cornelian cherries, materialized in the delicious taste of carefully picked red fruit. Its exceptional and characteristic taste enhanced with typical aroma of savory fruit guarantees a unique opportunity to enjoy the quality in harmony with the nature. 0,7 l, 0,5 l\" \/>\n<meta property=\"og:url\" content=\"https:\/\/spisskapalenica.sk\/en\/produkt\/original-spisska-drienkovica-40-07-l-kosher-2\/\" \/>\n<meta property=\"og:site_name\" content=\"Spi\u0161sk\u00e1 P\u00e1lenica\" \/>\n<meta property=\"article:modified_time\" content=\"2025-04-03T09:42:23+00:00\" \/>\n<meta property=\"og:image\" content=\"https:\/\/spisskapalenica.sk\/wp-content\/uploads\/2021\/06\/drienkovica-2.png\" \/>\n\t<meta property=\"og:image:width\" content=\"1500\" \/>\n\t<meta property=\"og:image:height\" content=\"1500\" \/>\n\t<meta property=\"og:image:type\" content=\"image\/png\" \/>\n<meta name=\"twitter:card\" content=\"summary_large_image\" \/>\n<meta name=\"twitter:label1\" content=\"Est. reading time\" \/>\n\t<meta name=\"twitter:data1\" content=\"2 minutes\" \/>\n<script type=\"application\/ld+json\" class=\"yoast-schema-graph\">{\"@context\":\"https:\/\/schema.org\",\"@graph\":[{\"@type\":\"WebPage\",\"@id\":\"https:\/\/spisskapalenica.sk\/en\/produkt\/original-spisska-drienkovica-40-07-l-kosher-2\/\",\"url\":\"https:\/\/spisskapalenica.sk\/en\/produkt\/original-spisska-drienkovica-40-07-l-kosher-2\/\",\"name\":\"Original Spi\u0161sk\u00e1 Cornelian Cherry Brandy 40% 0,7 l KOSHER - Spi\u0161sk\u00e1 P\u00e1lenica\",\"isPartOf\":{\"@id\":\"https:\/\/spisskapalenica.sk\/en\/#website\"},\"primaryImageOfPage\":{\"@id\":\"https:\/\/spisskapalenica.sk\/en\/produkt\/original-spisska-drienkovica-40-07-l-kosher-2\/#primaryimage\"},\"image\":{\"@id\":\"https:\/\/spisskapalenica.sk\/en\/produkt\/original-spisska-drienkovica-40-07-l-kosher-2\/#primaryimage\"},\"thumbnailUrl\":\"https:\/\/spisskapalenica.sk\/wp-content\/uploads\/2021\/06\/drienkovica-2.png\",\"datePublished\":\"2022-10-05T10:24:48+00:00\",\"dateModified\":\"2025-04-03T09:42:23+00:00\",\"breadcrumb\":{\"@id\":\"https:\/\/spisskapalenica.sk\/en\/produkt\/original-spisska-drienkovica-40-07-l-kosher-2\/#breadcrumb\"},\"inLanguage\":\"en-US\",\"potentialAction\":[{\"@type\":\"ReadAction\",\"target\":[\"https:\/\/spisskapalenica.sk\/en\/produkt\/original-spisska-drienkovica-40-07-l-kosher-2\/\"]}]},{\"@type\":\"ImageObject\",\"inLanguage\":\"en-US\",\"@id\":\"https:\/\/spisskapalenica.sk\/en\/produkt\/original-spisska-drienkovica-40-07-l-kosher-2\/#primaryimage\",\"url\":\"https:\/\/spisskapalenica.sk\/wp-content\/uploads\/2021\/06\/drienkovica-2.png\",\"contentUrl\":\"https:\/\/spisskapalenica.sk\/wp-content\/uploads\/2021\/06\/drienkovica-2.png\",\"width\":1500,\"height\":1500},{\"@type\":\"BreadcrumbList\",\"@id\":\"https:\/\/spisskapalenica.sk\/en\/produkt\/original-spisska-drienkovica-40-07-l-kosher-2\/#breadcrumb\",\"itemListElement\":[{\"@type\":\"ListItem\",\"position\":1,\"name\":\"Domovsk\u00e1 str\u00e1nka\",\"item\":\"https:\/\/spisskapalenica.sk\/en\/\"},{\"@type\":\"ListItem\",\"position\":2,\"name\":\"Shop\",\"item\":\"https:\/\/spisskapalenica.sk\/shop\/\"},{\"@type\":\"ListItem\",\"position\":3,\"name\":\"Original Spi\u0161sk\u00e1 Cornelian Cherry Brandy 40% 0,7 l KOSHER\"}]},{\"@type\":\"WebSite\",\"@id\":\"https:\/\/spisskapalenica.sk\/en\/#website\",\"url\":\"https:\/\/spisskapalenica.sk\/en\/\",\"name\":\"Spi\u0161sk\u00e1 P\u00e1lenica\",\"description\":\"Unik\u00e1t na Severnom Spi\u0161i\",\"publisher\":{\"@id\":\"https:\/\/spisskapalenica.sk\/en\/#organization\"},\"potentialAction\":[{\"@type\":\"SearchAction\",\"target\":{\"@type\":\"EntryPoint\",\"urlTemplate\":\"https:\/\/spisskapalenica.sk\/en\/?s={search_term_string}\"},\"query-input\":{\"@type\":\"PropertyValueSpecification\",\"valueRequired\":true,\"valueName\":\"search_term_string\"}}],\"inLanguage\":\"en-US\"},{\"@type\":\"Organization\",\"@id\":\"https:\/\/spisskapalenica.sk\/en\/#organization\",\"name\":\"Spi\u0161sk\u00e1 P\u00e1lenica\",\"url\":\"https:\/\/spisskapalenica.sk\/en\/\",\"logo\":{\"@type\":\"ImageObject\",\"inLanguage\":\"en-US\",\"@id\":\"https:\/\/spisskapalenica.sk\/en\/#\/schema\/logo\/image\/\",\"url\":\"https:\/\/spisskapalenica.sk\/wp-content\/uploads\/2021\/06\/logo-spisska-palenica.svg\",\"contentUrl\":\"https:\/\/spisskapalenica.sk\/wp-content\/uploads\/2021\/06\/logo-spisska-palenica.svg\",\"width\":1770.5,\"height\":304.3999999999999772626324556767940521240234375,\"caption\":\"Spi\u0161sk\u00e1 P\u00e1lenica\"},\"image\":{\"@id\":\"https:\/\/spisskapalenica.sk\/en\/#\/schema\/logo\/image\/\"}}]}<\/script>\n<!-- \/ Yoast SEO plugin. -->","yoast_head_json":{"title":"Original Spi\u0161sk\u00e1 Cornelian Cherry Brandy 40% 0,7 l KOSHER - Spi\u0161sk\u00e1 P\u00e1lenica","robots":{"index":"index","follow":"follow","max-snippet":"max-snippet:-1","max-image-preview":"max-image-preview:large","max-video-preview":"max-video-preview:-1"},"canonical":"https:\/\/spisskapalenica.sk\/en\/produkt\/original-spisska-drienkovica-40-07-l-kosher-2\/","og_locale":"en_US","og_type":"article","og_title":"Original Spi\u0161sk\u00e1 Cornelian Cherry Brandy 40% 0,7 l KOSHER - Spi\u0161sk\u00e1 P\u00e1lenica","og_description":"The atmosphere of forest corners with ripening cornelian cherries, materialized in the delicious taste of carefully picked red fruit. Its exceptional and characteristic taste enhanced with typical aroma of savory fruit guarantees a unique opportunity to enjoy the quality in harmony with the nature. 0,7 l, 0,5 l","og_url":"https:\/\/spisskapalenica.sk\/en\/produkt\/original-spisska-drienkovica-40-07-l-kosher-2\/","og_site_name":"Spi\u0161sk\u00e1 P\u00e1lenica","article_modified_time":"2025-04-03T09:42:23+00:00","og_image":[{"width":1500,"height":1500,"url":"https:\/\/spisskapalenica.sk\/wp-content\/uploads\/2021\/06\/drienkovica-2.png","type":"image\/png"}],"twitter_card":"summary_large_image","twitter_misc":{"Est. reading time":"2 minutes"},"schema":{"@context":"https:\/\/schema.org","@graph":[{"@type":"WebPage","@id":"https:\/\/spisskapalenica.sk\/en\/produkt\/original-spisska-drienkovica-40-07-l-kosher-2\/","url":"https:\/\/spisskapalenica.sk\/en\/produkt\/original-spisska-drienkovica-40-07-l-kosher-2\/","name":"Original Spi\u0161sk\u00e1 Cornelian Cherry Brandy 40% 0,7 l KOSHER - Spi\u0161sk\u00e1 P\u00e1lenica","isPartOf":{"@id":"https:\/\/spisskapalenica.sk\/en\/#website"},"primaryImageOfPage":{"@id":"https:\/\/spisskapalenica.sk\/en\/produkt\/original-spisska-drienkovica-40-07-l-kosher-2\/#primaryimage"},"image":{"@id":"https:\/\/spisskapalenica.sk\/en\/produkt\/original-spisska-drienkovica-40-07-l-kosher-2\/#primaryimage"},"thumbnailUrl":"https:\/\/spisskapalenica.sk\/wp-content\/uploads\/2021\/06\/drienkovica-2.png","datePublished":"2022-10-05T10:24:48+00:00","dateModified":"2025-04-03T09:42:23+00:00","breadcrumb":{"@id":"https:\/\/spisskapalenica.sk\/en\/produkt\/original-spisska-drienkovica-40-07-l-kosher-2\/#breadcrumb"},"inLanguage":"en-US","potentialAction":[{"@type":"ReadAction","target":["https:\/\/spisskapalenica.sk\/en\/produkt\/original-spisska-drienkovica-40-07-l-kosher-2\/"]}]},{"@type":"ImageObject","inLanguage":"en-US","@id":"https:\/\/spisskapalenica.sk\/en\/produkt\/original-spisska-drienkovica-40-07-l-kosher-2\/#primaryimage","url":"https:\/\/spisskapalenica.sk\/wp-content\/uploads\/2021\/06\/drienkovica-2.png","contentUrl":"https:\/\/spisskapalenica.sk\/wp-content\/uploads\/2021\/06\/drienkovica-2.png","width":1500,"height":1500},{"@type":"BreadcrumbList","@id":"https:\/\/spisskapalenica.sk\/en\/produkt\/original-spisska-drienkovica-40-07-l-kosher-2\/#breadcrumb","itemListElement":[{"@type":"ListItem","position":1,"name":"Domovsk\u00e1 str\u00e1nka","item":"https:\/\/spisskapalenica.sk\/en\/"},{"@type":"ListItem","position":2,"name":"Shop","item":"https:\/\/spisskapalenica.sk\/shop\/"},{"@type":"ListItem","position":3,"name":"Original Spi\u0161sk\u00e1 Cornelian Cherry Brandy 40% 0,7 l KOSHER"}]},{"@type":"WebSite","@id":"https:\/\/spisskapalenica.sk\/en\/#website","url":"https:\/\/spisskapalenica.sk\/en\/","name":"Spi\u0161sk\u00e1 P\u00e1lenica","description":"Unik\u00e1t na Severnom Spi\u0161i","publisher":{"@id":"https:\/\/spisskapalenica.sk\/en\/#organization"},"potentialAction":[{"@type":"SearchAction","target":{"@type":"EntryPoint","urlTemplate":"https:\/\/spisskapalenica.sk\/en\/?s={search_term_string}"},"query-input":{"@type":"PropertyValueSpecification","valueRequired":true,"valueName":"search_term_string"}}],"inLanguage":"en-US"},{"@type":"Organization","@id":"https:\/\/spisskapalenica.sk\/en\/#organization","name":"Spi\u0161sk\u00e1 P\u00e1lenica","url":"https:\/\/spisskapalenica.sk\/en\/","logo":{"@type":"ImageObject","inLanguage":"en-US","@id":"https:\/\/spisskapalenica.sk\/en\/#\/schema\/logo\/image\/","url":"https:\/\/spisskapalenica.sk\/wp-content\/uploads\/2021\/06\/logo-spisska-palenica.svg","contentUrl":"https:\/\/spisskapalenica.sk\/wp-content\/uploads\/2021\/06\/logo-spisska-palenica.svg","width":1770.5,"height":304.3999999999999772626324556767940521240234375,"caption":"Spi\u0161sk\u00e1 P\u00e1lenica"},"image":{"@id":"https:\/\/spisskapalenica.sk\/en\/#\/schema\/logo\/image\/"}}]}},"_links":{"self":[{"href":"https:\/\/spisskapalenica.sk\/en\/wp-json\/wp\/v2\/product\/3434","targetHints":{"allow":["GET"]}}],"collection":[{"href":"https:\/\/spisskapalenica.sk\/en\/wp-json\/wp\/v2\/product"}],"about":[{"href":"https:\/\/spisskapalenica.sk\/en\/wp-json\/wp\/v2\/types\/product"}],"wp:featuredmedia":[{"embeddable":true,"href":"https:\/\/spisskapalenica.sk\/en\/wp-json\/wp\/v2\/media\/4301"}],"wp:attachment":[{"href":"https:\/\/spisskapalenica.sk\/en\/wp-json\/wp\/v2\/media?parent=3434"}],"wp:term":[{"taxonomy":"product_brand","embeddable":true,"href":"https:\/\/spisskapalenica.sk\/en\/wp-json\/wp\/v2\/product_brand?post=3434"},{"taxonomy":"product_cat","embeddable":true,"href":"https:\/\/spisskapalenica.sk\/en\/wp-json\/wp\/v2\/product_cat?post=3434"},{"taxonomy":"product_tag","embeddable":true,"href":"https:\/\/spisskapalenica.sk\/en\/wp-json\/wp\/v2\/product_tag?post=3434"}],"curies":[{"name":"wp","href":"https:\/\/api.w.org\/{rel}","templated":true}]}}