{"id":3404,"date":"2021-06-07T17:05:47","date_gmt":"2022-10-05T09:16:04","guid":{"rendered":"https:\/\/spisskapalenica.sk\/produkt\/original-spisska-borovicka-40-07-l-spisska-slivovitz-plum-brandy-52-07-l-kosher\/"},"modified":"2022-10-26T12:46:16","modified_gmt":"2022-10-26T10:46:16","slug":"original-spisska-borovicka-40-07-l-spisska-slivovica-52-07-l-2-2","status":"publish","type":"product","link":"https:\/\/spisskapalenica.sk\/en\/produkt\/original-spisska-borovicka-40-07-l-spisska-slivovica-52-07-l-2-2\/","title":{"rendered":"Original Spi\u0161sk\u00e1 Borovi\u010dka 40% 0,7 l + Spi\u0161sk\u00e1 Slivovitz &#8211; Plum Brandy 52 % 0,7 l KOSHER"},"content":{"rendered":"","protected":false},"excerpt":{"rendered":"<h4>Original Spi\u0161sk\u00e1 Borovi\u010dka 40%<\/h4>\n<p>Mastership appreciation of the properties of ripe Juniper Berries creates the taste of traditional drink of Slovak people. A\u00a0few centuries long experience protected by special formula encompasses the wisdom and experience of the Spi\u0161&#8217;s distillers and the latest technology in order to create the finest spirit made of durum wheat. The European Committee also appreciated the exeptional properties of this traditional aperitif , and decided to award PDI (Protected Geographical Indication) to Spi\u0161sk\u00e1 Borovi\u010dka from Star\u00e1 \u013dubov\u0148a.<\/p>\n<h4>Original Spi\u0161sk\u00e1 Slivovitz &#8211; Plum Brandy 52 %<\/h4>\n<p>Royal distillate made from mature plums with distinctive flavor and pit bouquet. Traditional distilling craft goes hand in hand with modern technology thus a single drop is enough to tickle the connoisseur\u2019s senses. For lovers of fruit in its liquid form.<\/p>\n","protected":false},"featured_media":2278,"template":"","meta":[],"product_brand":[],"product_cat":[68,63],"product_tag":[],"class_list":{"0":"post-3404","1":"product","2":"type-product","3":"status-publish","4":"has-post-thumbnail","6":"product_cat-gift-packaging-0-7-l-3-glasses","7":"product_cat-original-spisska-kosher-en","9":"first","10":"instock","11":"taxable","12":"shipping-taxable","13":"product-type-simple"},"yoast_head":"<!-- This site is optimized with the Yoast SEO plugin v25.4 - https:\/\/yoast.com\/wordpress\/plugins\/seo\/ -->\n<title>Original Spi\u0161sk\u00e1 Borovi\u010dka 40% 0,7 l + Spi\u0161sk\u00e1 Slivovitz - Plum Brandy 52 % 0,7 l KOSHER - Spi\u0161sk\u00e1 P\u00e1lenica<\/title>\n<meta name=\"robots\" content=\"index, follow, max-snippet:-1, max-image-preview:large, max-video-preview:-1\" \/>\n<link rel=\"canonical\" href=\"https:\/\/spisskapalenica.sk\/en\/produkt\/original-spisska-borovicka-40-07-l-spisska-slivovica-52-07-l-2-2\/\" \/>\n<meta property=\"og:locale\" content=\"en_US\" \/>\n<meta property=\"og:type\" content=\"article\" \/>\n<meta property=\"og:title\" content=\"Original Spi\u0161sk\u00e1 Borovi\u010dka 40% 0,7 l + Spi\u0161sk\u00e1 Slivovitz - Plum Brandy 52 % 0,7 l KOSHER - Spi\u0161sk\u00e1 P\u00e1lenica\" \/>\n<meta property=\"og:description\" content=\"Original Spi\u0161sk\u00e1 Borovi\u010dka 40% Mastership appreciation of the properties of ripe Juniper Berries creates the taste of traditional drink of Slovak people. A\u00a0few centuries long experience protected by special formula encompasses the wisdom and experience of the Spi\u0161&#039;s distillers and the latest technology in order to create the finest spirit made of durum wheat. The European Committee also appreciated the exeptional properties of this traditional aperitif , and decided to award PDI (Protected Geographical Indication) to Spi\u0161sk\u00e1 Borovi\u010dka from Star\u00e1 \u013dubov\u0148a. Original Spi\u0161sk\u00e1 Slivovitz - Plum Brandy 52 % Royal distillate made from mature plums with distinctive flavor and pit bouquet. Traditional distilling craft goes hand in hand with modern technology thus a single drop is enough to tickle the connoisseur\u2019s senses. For lovers of fruit in its liquid form.\" \/>\n<meta property=\"og:url\" content=\"https:\/\/spisskapalenica.sk\/en\/produkt\/original-spisska-borovicka-40-07-l-spisska-slivovica-52-07-l-2-2\/\" \/>\n<meta property=\"og:site_name\" content=\"Spi\u0161sk\u00e1 P\u00e1lenica\" \/>\n<meta property=\"article:modified_time\" content=\"2022-10-26T10:46:16+00:00\" \/>\n<meta property=\"og:image\" content=\"https:\/\/spisskapalenica.sk\/wp-content\/uploads\/2021\/06\/borovicka-slivovica-07-40-side-1.png\" \/>\n\t<meta property=\"og:image:width\" content=\"1000\" \/>\n\t<meta property=\"og:image:height\" content=\"1000\" \/>\n\t<meta property=\"og:image:type\" content=\"image\/png\" \/>\n<meta name=\"twitter:card\" content=\"summary_large_image\" \/>\n<script type=\"application\/ld+json\" class=\"yoast-schema-graph\">{\"@context\":\"https:\/\/schema.org\",\"@graph\":[{\"@type\":\"WebPage\",\"@id\":\"https:\/\/spisskapalenica.sk\/en\/produkt\/original-spisska-borovicka-40-07-l-spisska-slivovica-52-07-l-2-2\/\",\"url\":\"https:\/\/spisskapalenica.sk\/en\/produkt\/original-spisska-borovicka-40-07-l-spisska-slivovica-52-07-l-2-2\/\",\"name\":\"Original Spi\u0161sk\u00e1 Borovi\u010dka 40% 0,7 l + Spi\u0161sk\u00e1 Slivovitz - Plum Brandy 52 % 0,7 l KOSHER - Spi\u0161sk\u00e1 P\u00e1lenica\",\"isPartOf\":{\"@id\":\"https:\/\/spisskapalenica.sk\/en\/#website\"},\"primaryImageOfPage\":{\"@id\":\"https:\/\/spisskapalenica.sk\/en\/produkt\/original-spisska-borovicka-40-07-l-spisska-slivovica-52-07-l-2-2\/#primaryimage\"},\"image\":{\"@id\":\"https:\/\/spisskapalenica.sk\/en\/produkt\/original-spisska-borovicka-40-07-l-spisska-slivovica-52-07-l-2-2\/#primaryimage\"},\"thumbnailUrl\":\"https:\/\/spisskapalenica.sk\/wp-content\/uploads\/2021\/06\/borovicka-slivovica-07-40-side-1.png\",\"datePublished\":\"2022-10-05T09:16:04+00:00\",\"dateModified\":\"2022-10-26T10:46:16+00:00\",\"breadcrumb\":{\"@id\":\"https:\/\/spisskapalenica.sk\/en\/produkt\/original-spisska-borovicka-40-07-l-spisska-slivovica-52-07-l-2-2\/#breadcrumb\"},\"inLanguage\":\"en-US\",\"potentialAction\":[{\"@type\":\"ReadAction\",\"target\":[\"https:\/\/spisskapalenica.sk\/en\/produkt\/original-spisska-borovicka-40-07-l-spisska-slivovica-52-07-l-2-2\/\"]}]},{\"@type\":\"ImageObject\",\"inLanguage\":\"en-US\",\"@id\":\"https:\/\/spisskapalenica.sk\/en\/produkt\/original-spisska-borovicka-40-07-l-spisska-slivovica-52-07-l-2-2\/#primaryimage\",\"url\":\"https:\/\/spisskapalenica.sk\/wp-content\/uploads\/2021\/06\/borovicka-slivovica-07-40-side-1.png\",\"contentUrl\":\"https:\/\/spisskapalenica.sk\/wp-content\/uploads\/2021\/06\/borovicka-slivovica-07-40-side-1.png\",\"width\":1000,\"height\":1000},{\"@type\":\"BreadcrumbList\",\"@id\":\"https:\/\/spisskapalenica.sk\/en\/produkt\/original-spisska-borovicka-40-07-l-spisska-slivovica-52-07-l-2-2\/#breadcrumb\",\"itemListElement\":[{\"@type\":\"ListItem\",\"position\":1,\"name\":\"Domovsk\u00e1 str\u00e1nka\",\"item\":\"https:\/\/spisskapalenica.sk\/en\/\"},{\"@type\":\"ListItem\",\"position\":2,\"name\":\"Shop\",\"item\":\"https:\/\/spisskapalenica.sk\/shop\/\"},{\"@type\":\"ListItem\",\"position\":3,\"name\":\"Original Spi\u0161sk\u00e1 Borovi\u010dka 40% 0,7 l + Spi\u0161sk\u00e1 Slivovitz &#8211; Plum Brandy 52 % 0,7 l KOSHER\"}]},{\"@type\":\"WebSite\",\"@id\":\"https:\/\/spisskapalenica.sk\/en\/#website\",\"url\":\"https:\/\/spisskapalenica.sk\/en\/\",\"name\":\"Spi\u0161sk\u00e1 P\u00e1lenica\",\"description\":\"Unik\u00e1t na Severnom Spi\u0161i\",\"publisher\":{\"@id\":\"https:\/\/spisskapalenica.sk\/en\/#organization\"},\"potentialAction\":[{\"@type\":\"SearchAction\",\"target\":{\"@type\":\"EntryPoint\",\"urlTemplate\":\"https:\/\/spisskapalenica.sk\/en\/?s={search_term_string}\"},\"query-input\":{\"@type\":\"PropertyValueSpecification\",\"valueRequired\":true,\"valueName\":\"search_term_string\"}}],\"inLanguage\":\"en-US\"},{\"@type\":\"Organization\",\"@id\":\"https:\/\/spisskapalenica.sk\/en\/#organization\",\"name\":\"Spi\u0161sk\u00e1 P\u00e1lenica\",\"url\":\"https:\/\/spisskapalenica.sk\/en\/\",\"logo\":{\"@type\":\"ImageObject\",\"inLanguage\":\"en-US\",\"@id\":\"https:\/\/spisskapalenica.sk\/en\/#\/schema\/logo\/image\/\",\"url\":\"https:\/\/spisskapalenica.sk\/wp-content\/uploads\/2021\/06\/logo-spisska-palenica.svg\",\"contentUrl\":\"https:\/\/spisskapalenica.sk\/wp-content\/uploads\/2021\/06\/logo-spisska-palenica.svg\",\"width\":1770.5,\"height\":304.3999999999999772626324556767940521240234375,\"caption\":\"Spi\u0161sk\u00e1 P\u00e1lenica\"},\"image\":{\"@id\":\"https:\/\/spisskapalenica.sk\/en\/#\/schema\/logo\/image\/\"}}]}<\/script>\n<!-- \/ Yoast SEO plugin. -->","yoast_head_json":{"title":"Original Spi\u0161sk\u00e1 Borovi\u010dka 40% 0,7 l + Spi\u0161sk\u00e1 Slivovitz - Plum Brandy 52 % 0,7 l KOSHER - Spi\u0161sk\u00e1 P\u00e1lenica","robots":{"index":"index","follow":"follow","max-snippet":"max-snippet:-1","max-image-preview":"max-image-preview:large","max-video-preview":"max-video-preview:-1"},"canonical":"https:\/\/spisskapalenica.sk\/en\/produkt\/original-spisska-borovicka-40-07-l-spisska-slivovica-52-07-l-2-2\/","og_locale":"en_US","og_type":"article","og_title":"Original Spi\u0161sk\u00e1 Borovi\u010dka 40% 0,7 l + Spi\u0161sk\u00e1 Slivovitz - Plum Brandy 52 % 0,7 l KOSHER - Spi\u0161sk\u00e1 P\u00e1lenica","og_description":"Original Spi\u0161sk\u00e1 Borovi\u010dka 40% Mastership appreciation of the properties of ripe Juniper Berries creates the taste of traditional drink of Slovak people. A\u00a0few centuries long experience protected by special formula encompasses the wisdom and experience of the Spi\u0161's distillers and the latest technology in order to create the finest spirit made of durum wheat. The European Committee also appreciated the exeptional properties of this traditional aperitif , and decided to award PDI (Protected Geographical Indication) to Spi\u0161sk\u00e1 Borovi\u010dka from Star\u00e1 \u013dubov\u0148a. Original Spi\u0161sk\u00e1 Slivovitz - Plum Brandy 52 % Royal distillate made from mature plums with distinctive flavor and pit bouquet. Traditional distilling craft goes hand in hand with modern technology thus a single drop is enough to tickle the connoisseur\u2019s senses. For lovers of fruit in its liquid form.","og_url":"https:\/\/spisskapalenica.sk\/en\/produkt\/original-spisska-borovicka-40-07-l-spisska-slivovica-52-07-l-2-2\/","og_site_name":"Spi\u0161sk\u00e1 P\u00e1lenica","article_modified_time":"2022-10-26T10:46:16+00:00","og_image":[{"width":1000,"height":1000,"url":"https:\/\/spisskapalenica.sk\/wp-content\/uploads\/2021\/06\/borovicka-slivovica-07-40-side-1.png","type":"image\/png"}],"twitter_card":"summary_large_image","schema":{"@context":"https:\/\/schema.org","@graph":[{"@type":"WebPage","@id":"https:\/\/spisskapalenica.sk\/en\/produkt\/original-spisska-borovicka-40-07-l-spisska-slivovica-52-07-l-2-2\/","url":"https:\/\/spisskapalenica.sk\/en\/produkt\/original-spisska-borovicka-40-07-l-spisska-slivovica-52-07-l-2-2\/","name":"Original Spi\u0161sk\u00e1 Borovi\u010dka 40% 0,7 l + Spi\u0161sk\u00e1 Slivovitz - Plum Brandy 52 % 0,7 l KOSHER - Spi\u0161sk\u00e1 P\u00e1lenica","isPartOf":{"@id":"https:\/\/spisskapalenica.sk\/en\/#website"},"primaryImageOfPage":{"@id":"https:\/\/spisskapalenica.sk\/en\/produkt\/original-spisska-borovicka-40-07-l-spisska-slivovica-52-07-l-2-2\/#primaryimage"},"image":{"@id":"https:\/\/spisskapalenica.sk\/en\/produkt\/original-spisska-borovicka-40-07-l-spisska-slivovica-52-07-l-2-2\/#primaryimage"},"thumbnailUrl":"https:\/\/spisskapalenica.sk\/wp-content\/uploads\/2021\/06\/borovicka-slivovica-07-40-side-1.png","datePublished":"2022-10-05T09:16:04+00:00","dateModified":"2022-10-26T10:46:16+00:00","breadcrumb":{"@id":"https:\/\/spisskapalenica.sk\/en\/produkt\/original-spisska-borovicka-40-07-l-spisska-slivovica-52-07-l-2-2\/#breadcrumb"},"inLanguage":"en-US","potentialAction":[{"@type":"ReadAction","target":["https:\/\/spisskapalenica.sk\/en\/produkt\/original-spisska-borovicka-40-07-l-spisska-slivovica-52-07-l-2-2\/"]}]},{"@type":"ImageObject","inLanguage":"en-US","@id":"https:\/\/spisskapalenica.sk\/en\/produkt\/original-spisska-borovicka-40-07-l-spisska-slivovica-52-07-l-2-2\/#primaryimage","url":"https:\/\/spisskapalenica.sk\/wp-content\/uploads\/2021\/06\/borovicka-slivovica-07-40-side-1.png","contentUrl":"https:\/\/spisskapalenica.sk\/wp-content\/uploads\/2021\/06\/borovicka-slivovica-07-40-side-1.png","width":1000,"height":1000},{"@type":"BreadcrumbList","@id":"https:\/\/spisskapalenica.sk\/en\/produkt\/original-spisska-borovicka-40-07-l-spisska-slivovica-52-07-l-2-2\/#breadcrumb","itemListElement":[{"@type":"ListItem","position":1,"name":"Domovsk\u00e1 str\u00e1nka","item":"https:\/\/spisskapalenica.sk\/en\/"},{"@type":"ListItem","position":2,"name":"Shop","item":"https:\/\/spisskapalenica.sk\/shop\/"},{"@type":"ListItem","position":3,"name":"Original Spi\u0161sk\u00e1 Borovi\u010dka 40% 0,7 l + Spi\u0161sk\u00e1 Slivovitz &#8211; Plum Brandy 52 % 0,7 l KOSHER"}]},{"@type":"WebSite","@id":"https:\/\/spisskapalenica.sk\/en\/#website","url":"https:\/\/spisskapalenica.sk\/en\/","name":"Spi\u0161sk\u00e1 P\u00e1lenica","description":"Unik\u00e1t na Severnom Spi\u0161i","publisher":{"@id":"https:\/\/spisskapalenica.sk\/en\/#organization"},"potentialAction":[{"@type":"SearchAction","target":{"@type":"EntryPoint","urlTemplate":"https:\/\/spisskapalenica.sk\/en\/?s={search_term_string}"},"query-input":{"@type":"PropertyValueSpecification","valueRequired":true,"valueName":"search_term_string"}}],"inLanguage":"en-US"},{"@type":"Organization","@id":"https:\/\/spisskapalenica.sk\/en\/#organization","name":"Spi\u0161sk\u00e1 P\u00e1lenica","url":"https:\/\/spisskapalenica.sk\/en\/","logo":{"@type":"ImageObject","inLanguage":"en-US","@id":"https:\/\/spisskapalenica.sk\/en\/#\/schema\/logo\/image\/","url":"https:\/\/spisskapalenica.sk\/wp-content\/uploads\/2021\/06\/logo-spisska-palenica.svg","contentUrl":"https:\/\/spisskapalenica.sk\/wp-content\/uploads\/2021\/06\/logo-spisska-palenica.svg","width":1770.5,"height":304.3999999999999772626324556767940521240234375,"caption":"Spi\u0161sk\u00e1 P\u00e1lenica"},"image":{"@id":"https:\/\/spisskapalenica.sk\/en\/#\/schema\/logo\/image\/"}}]}},"_links":{"self":[{"href":"https:\/\/spisskapalenica.sk\/en\/wp-json\/wp\/v2\/product\/3404","targetHints":{"allow":["GET"]}}],"collection":[{"href":"https:\/\/spisskapalenica.sk\/en\/wp-json\/wp\/v2\/product"}],"about":[{"href":"https:\/\/spisskapalenica.sk\/en\/wp-json\/wp\/v2\/types\/product"}],"wp:featuredmedia":[{"embeddable":true,"href":"https:\/\/spisskapalenica.sk\/en\/wp-json\/wp\/v2\/media\/2278"}],"wp:attachment":[{"href":"https:\/\/spisskapalenica.sk\/en\/wp-json\/wp\/v2\/media?parent=3404"}],"wp:term":[{"taxonomy":"product_brand","embeddable":true,"href":"https:\/\/spisskapalenica.sk\/en\/wp-json\/wp\/v2\/product_brand?post=3404"},{"taxonomy":"product_cat","embeddable":true,"href":"https:\/\/spisskapalenica.sk\/en\/wp-json\/wp\/v2\/product_cat?post=3404"},{"taxonomy":"product_tag","embeddable":true,"href":"https:\/\/spisskapalenica.sk\/en\/wp-json\/wp\/v2\/product_tag?post=3404"}],"curies":[{"name":"wp","href":"https:\/\/api.w.org\/{rel}","templated":true}]}}