{"id":3395,"date":"2021-06-07T17:06:24","date_gmt":"2021-06-07T15:06:24","guid":{"rendered":"https:\/\/spisskapalenica.sk\/produkt\/zamoyski-brandy-40-07-l\/"},"modified":"2026-03-06T14:23:34","modified_gmt":"2026-03-06T13:23:34","slug":"zamoyski-brandy-2","status":"publish","type":"product","link":"https:\/\/spisskapalenica.sk\/en\/produkt\/zamoyski-brandy-2\/","title":{"rendered":"Zamoyski Brandy 40% 0,7 l"},"content":{"rendered":"<h3>About the procuct<\/h3>\n<p>Nowadays Zamoyski brandy production starts with the selection of the best quality young wine of two varieties &#8211; Green Veltliner and Rizling, which undergo 7 stage distillation at maximum temperature of steam up to 85\u00b0C. This is how we obtain the purest distillate with maximum 65% ABV. Its maturing lasts min. 5 years in 300-liter barrels made of European oak, which grows at an altitude of 800 m above sea level.\u00a0The open storage space, which temperatures range from -25 \u00b0 C to + 25 \u00b0 C, affects the process of ageing in a special way, as barrels at different temperatures provide for different variety and intensity of flavor and aroma. This greatly improves the sensoric qualities of brandy.<\/p>\n<p>Zamoyski brandy will captivate you with its aromatic and slightly tart notes of vanilla oak, fruity notes of orange peel and fragrant spices.<\/p>\n<h3>Andrzej Przemys\u0142aw Zamoyski<\/h3>\n<p>The aristocratic family of Zamoyski were the last owners of the \u013dubov\u0148a castle.<\/p>\n<p>Andrzej Przemyslaw Zamoyski was astonished by the nature of Northern Spi\u0161 region with its unique water resources flowing out from the heart of the High Tatras mountains.<\/p>\n<p>In 1882, he decided to buy the castle dominion together with the nearby spa Vy\u0161n\u00e9 Ru\u017ebachy.<\/p>\n<p>Two years later in Paris, Andrzej married Carolina de Bourbon, titled as \u201eThe Princess of Two Sicilies\u201c. Out of the love for her husband she agreed to move and to live in the Spi\u0161 region. Together with a wealthy dowry she brought to the \u013dubov\u0148a castle the new alcohol distillation trend, and the new and yet unknown beverage &#8211; brandy.<\/p>\n<p>It\u00b4s been said that wine imported to the castle dominion from the princess\u00b4 homeland encouraged local people to make distillate out of it, trying to imitate noble brandy of royal taste and aroma.<\/p>\n<p>With its exceptional qualities this brandy acquired a respectable place on the castle table during all major negotiations and celebrations.<\/p>\n<h3>Awards<\/h3>\n<p><img decoding=\"async\" class=\"alignnone wp-image-5351\" src=\"https:\/\/spisskapalenica.sk\/wp-content\/uploads\/2021\/06\/cq-champion-2023.png\" alt=\"\" width=\"100\" height=\"100\" srcset=\"https:\/\/spisskapalenica.sk\/wp-content\/uploads\/2021\/06\/cq-champion-2023.png 440w, https:\/\/spisskapalenica.sk\/wp-content\/uploads\/2021\/06\/cq-champion-2023-100x100.png 100w\" sizes=\"(max-width: 100px) 100vw, 100px\" \/><img decoding=\"async\" class=\"alignnone wp-image-5342\" src=\"https:\/\/spisskapalenica.sk\/wp-content\/uploads\/2021\/06\/asset-26.png\" alt=\"\" width=\"100\" height=\"100\" srcset=\"https:\/\/spisskapalenica.sk\/wp-content\/uploads\/2021\/06\/asset-26.png 440w, https:\/\/spisskapalenica.sk\/wp-content\/uploads\/2021\/06\/asset-26-100x100.png 100w\" sizes=\"(max-width: 100px) 100vw, 100px\" \/><\/p>\n","protected":false},"excerpt":{"rendered":"<p>Following the rich history it is our honour to inherit and hand down the distilling tradition from generation to generation. Zamoyski brandy is a part of it!<\/p>\n","protected":false},"featured_media":4731,"template":"","meta":[],"product_brand":[],"product_cat":[61,60],"product_tag":[],"class_list":{"0":"post-3395","1":"product","2":"type-product","3":"status-publish","4":"has-post-thumbnail","6":"product_cat-07-l-en","7":"product_cat-noblemen-collection-en","9":"first","10":"instock","11":"taxable","12":"shipping-taxable","13":"product-type-simple"},"yoast_head":"<!-- This site is optimized with the Yoast SEO plugin v25.4 - https:\/\/yoast.com\/wordpress\/plugins\/seo\/ -->\n<title>Zamoyski Brandy 40% 0,7 l - Spi\u0161sk\u00e1 P\u00e1lenica<\/title>\n<meta name=\"robots\" content=\"index, follow, max-snippet:-1, max-image-preview:large, max-video-preview:-1\" \/>\n<link rel=\"canonical\" href=\"https:\/\/spisskapalenica.sk\/en\/produkt\/zamoyski-brandy-2\/\" \/>\n<meta property=\"og:locale\" content=\"en_US\" \/>\n<meta property=\"og:type\" content=\"article\" \/>\n<meta property=\"og:title\" content=\"Zamoyski Brandy 40% 0,7 l - Spi\u0161sk\u00e1 P\u00e1lenica\" \/>\n<meta property=\"og:description\" content=\"Following the rich history it is our honour to inherit and hand down the distilling tradition from generation to generation. Zamoyski brandy is a part of it!\" \/>\n<meta property=\"og:url\" content=\"https:\/\/spisskapalenica.sk\/en\/produkt\/zamoyski-brandy-2\/\" \/>\n<meta property=\"og:site_name\" content=\"Spi\u0161sk\u00e1 P\u00e1lenica\" \/>\n<meta property=\"article:modified_time\" content=\"2026-03-06T13:23:34+00:00\" \/>\n<meta property=\"og:image\" content=\"https:\/\/spisskapalenica.sk\/wp-content\/uploads\/2021\/06\/zamoyski-brandy.png\" \/>\n\t<meta property=\"og:image:width\" content=\"1500\" \/>\n\t<meta property=\"og:image:height\" content=\"1500\" \/>\n\t<meta property=\"og:image:type\" content=\"image\/png\" \/>\n<meta name=\"twitter:card\" content=\"summary_large_image\" \/>\n<meta name=\"twitter:label1\" content=\"Est. reading time\" \/>\n\t<meta name=\"twitter:data1\" content=\"3 minutes\" \/>\n<script type=\"application\/ld+json\" class=\"yoast-schema-graph\">{\"@context\":\"https:\/\/schema.org\",\"@graph\":[{\"@type\":\"WebPage\",\"@id\":\"https:\/\/spisskapalenica.sk\/en\/produkt\/zamoyski-brandy-2\/\",\"url\":\"https:\/\/spisskapalenica.sk\/en\/produkt\/zamoyski-brandy-2\/\",\"name\":\"Zamoyski Brandy 40% 0,7 l - Spi\u0161sk\u00e1 P\u00e1lenica\",\"isPartOf\":{\"@id\":\"https:\/\/spisskapalenica.sk\/en\/#website\"},\"primaryImageOfPage\":{\"@id\":\"https:\/\/spisskapalenica.sk\/en\/produkt\/zamoyski-brandy-2\/#primaryimage\"},\"image\":{\"@id\":\"https:\/\/spisskapalenica.sk\/en\/produkt\/zamoyski-brandy-2\/#primaryimage\"},\"thumbnailUrl\":\"https:\/\/spisskapalenica.sk\/wp-content\/uploads\/2021\/06\/zamoyski-brandy.png\",\"datePublished\":\"2021-06-07T15:06:24+00:00\",\"dateModified\":\"2026-03-06T13:23:34+00:00\",\"breadcrumb\":{\"@id\":\"https:\/\/spisskapalenica.sk\/en\/produkt\/zamoyski-brandy-2\/#breadcrumb\"},\"inLanguage\":\"en-US\",\"potentialAction\":[{\"@type\":\"ReadAction\",\"target\":[\"https:\/\/spisskapalenica.sk\/en\/produkt\/zamoyski-brandy-2\/\"]}]},{\"@type\":\"ImageObject\",\"inLanguage\":\"en-US\",\"@id\":\"https:\/\/spisskapalenica.sk\/en\/produkt\/zamoyski-brandy-2\/#primaryimage\",\"url\":\"https:\/\/spisskapalenica.sk\/wp-content\/uploads\/2021\/06\/zamoyski-brandy.png\",\"contentUrl\":\"https:\/\/spisskapalenica.sk\/wp-content\/uploads\/2021\/06\/zamoyski-brandy.png\",\"width\":1500,\"height\":1500},{\"@type\":\"BreadcrumbList\",\"@id\":\"https:\/\/spisskapalenica.sk\/en\/produkt\/zamoyski-brandy-2\/#breadcrumb\",\"itemListElement\":[{\"@type\":\"ListItem\",\"position\":1,\"name\":\"Domovsk\u00e1 str\u00e1nka\",\"item\":\"https:\/\/spisskapalenica.sk\/en\/\"},{\"@type\":\"ListItem\",\"position\":2,\"name\":\"Shop\",\"item\":\"https:\/\/spisskapalenica.sk\/shop\/\"},{\"@type\":\"ListItem\",\"position\":3,\"name\":\"Zamoyski Brandy 40% 0,7 l\"}]},{\"@type\":\"WebSite\",\"@id\":\"https:\/\/spisskapalenica.sk\/en\/#website\",\"url\":\"https:\/\/spisskapalenica.sk\/en\/\",\"name\":\"Spi\u0161sk\u00e1 P\u00e1lenica\",\"description\":\"Unik\u00e1t na Severnom Spi\u0161i\",\"publisher\":{\"@id\":\"https:\/\/spisskapalenica.sk\/en\/#organization\"},\"potentialAction\":[{\"@type\":\"SearchAction\",\"target\":{\"@type\":\"EntryPoint\",\"urlTemplate\":\"https:\/\/spisskapalenica.sk\/en\/?s={search_term_string}\"},\"query-input\":{\"@type\":\"PropertyValueSpecification\",\"valueRequired\":true,\"valueName\":\"search_term_string\"}}],\"inLanguage\":\"en-US\"},{\"@type\":\"Organization\",\"@id\":\"https:\/\/spisskapalenica.sk\/en\/#organization\",\"name\":\"Spi\u0161sk\u00e1 P\u00e1lenica\",\"url\":\"https:\/\/spisskapalenica.sk\/en\/\",\"logo\":{\"@type\":\"ImageObject\",\"inLanguage\":\"en-US\",\"@id\":\"https:\/\/spisskapalenica.sk\/en\/#\/schema\/logo\/image\/\",\"url\":\"https:\/\/spisskapalenica.sk\/wp-content\/uploads\/2021\/06\/logo-spisska-palenica.svg\",\"contentUrl\":\"https:\/\/spisskapalenica.sk\/wp-content\/uploads\/2021\/06\/logo-spisska-palenica.svg\",\"width\":1770.5,\"height\":304.3999999999999772626324556767940521240234375,\"caption\":\"Spi\u0161sk\u00e1 P\u00e1lenica\"},\"image\":{\"@id\":\"https:\/\/spisskapalenica.sk\/en\/#\/schema\/logo\/image\/\"}}]}<\/script>\n<!-- \/ Yoast SEO plugin. -->","yoast_head_json":{"title":"Zamoyski Brandy 40% 0,7 l - Spi\u0161sk\u00e1 P\u00e1lenica","robots":{"index":"index","follow":"follow","max-snippet":"max-snippet:-1","max-image-preview":"max-image-preview:large","max-video-preview":"max-video-preview:-1"},"canonical":"https:\/\/spisskapalenica.sk\/en\/produkt\/zamoyski-brandy-2\/","og_locale":"en_US","og_type":"article","og_title":"Zamoyski Brandy 40% 0,7 l - Spi\u0161sk\u00e1 P\u00e1lenica","og_description":"Following the rich history it is our honour to inherit and hand down the distilling tradition from generation to generation. Zamoyski brandy is a part of it!","og_url":"https:\/\/spisskapalenica.sk\/en\/produkt\/zamoyski-brandy-2\/","og_site_name":"Spi\u0161sk\u00e1 P\u00e1lenica","article_modified_time":"2026-03-06T13:23:34+00:00","og_image":[{"url":"https:\/\/spisskapalenica.sk\/wp-content\/uploads\/2021\/06\/zamoyski-brandy.png","width":1500,"height":1500,"type":"image\/png"}],"twitter_card":"summary_large_image","twitter_misc":{"Est. reading time":"3 minutes"},"schema":{"@context":"https:\/\/schema.org","@graph":[{"@type":"WebPage","@id":"https:\/\/spisskapalenica.sk\/en\/produkt\/zamoyski-brandy-2\/","url":"https:\/\/spisskapalenica.sk\/en\/produkt\/zamoyski-brandy-2\/","name":"Zamoyski Brandy 40% 0,7 l - Spi\u0161sk\u00e1 P\u00e1lenica","isPartOf":{"@id":"https:\/\/spisskapalenica.sk\/en\/#website"},"primaryImageOfPage":{"@id":"https:\/\/spisskapalenica.sk\/en\/produkt\/zamoyski-brandy-2\/#primaryimage"},"image":{"@id":"https:\/\/spisskapalenica.sk\/en\/produkt\/zamoyski-brandy-2\/#primaryimage"},"thumbnailUrl":"https:\/\/spisskapalenica.sk\/wp-content\/uploads\/2021\/06\/zamoyski-brandy.png","datePublished":"2021-06-07T15:06:24+00:00","dateModified":"2026-03-06T13:23:34+00:00","breadcrumb":{"@id":"https:\/\/spisskapalenica.sk\/en\/produkt\/zamoyski-brandy-2\/#breadcrumb"},"inLanguage":"en-US","potentialAction":[{"@type":"ReadAction","target":["https:\/\/spisskapalenica.sk\/en\/produkt\/zamoyski-brandy-2\/"]}]},{"@type":"ImageObject","inLanguage":"en-US","@id":"https:\/\/spisskapalenica.sk\/en\/produkt\/zamoyski-brandy-2\/#primaryimage","url":"https:\/\/spisskapalenica.sk\/wp-content\/uploads\/2021\/06\/zamoyski-brandy.png","contentUrl":"https:\/\/spisskapalenica.sk\/wp-content\/uploads\/2021\/06\/zamoyski-brandy.png","width":1500,"height":1500},{"@type":"BreadcrumbList","@id":"https:\/\/spisskapalenica.sk\/en\/produkt\/zamoyski-brandy-2\/#breadcrumb","itemListElement":[{"@type":"ListItem","position":1,"name":"Domovsk\u00e1 str\u00e1nka","item":"https:\/\/spisskapalenica.sk\/en\/"},{"@type":"ListItem","position":2,"name":"Shop","item":"https:\/\/spisskapalenica.sk\/shop\/"},{"@type":"ListItem","position":3,"name":"Zamoyski Brandy 40% 0,7 l"}]},{"@type":"WebSite","@id":"https:\/\/spisskapalenica.sk\/en\/#website","url":"https:\/\/spisskapalenica.sk\/en\/","name":"Spi\u0161sk\u00e1 P\u00e1lenica","description":"Unik\u00e1t na Severnom Spi\u0161i","publisher":{"@id":"https:\/\/spisskapalenica.sk\/en\/#organization"},"potentialAction":[{"@type":"SearchAction","target":{"@type":"EntryPoint","urlTemplate":"https:\/\/spisskapalenica.sk\/en\/?s={search_term_string}"},"query-input":{"@type":"PropertyValueSpecification","valueRequired":true,"valueName":"search_term_string"}}],"inLanguage":"en-US"},{"@type":"Organization","@id":"https:\/\/spisskapalenica.sk\/en\/#organization","name":"Spi\u0161sk\u00e1 P\u00e1lenica","url":"https:\/\/spisskapalenica.sk\/en\/","logo":{"@type":"ImageObject","inLanguage":"en-US","@id":"https:\/\/spisskapalenica.sk\/en\/#\/schema\/logo\/image\/","url":"https:\/\/spisskapalenica.sk\/wp-content\/uploads\/2021\/06\/logo-spisska-palenica.svg","contentUrl":"https:\/\/spisskapalenica.sk\/wp-content\/uploads\/2021\/06\/logo-spisska-palenica.svg","width":1770.5,"height":304.3999999999999772626324556767940521240234375,"caption":"Spi\u0161sk\u00e1 P\u00e1lenica"},"image":{"@id":"https:\/\/spisskapalenica.sk\/en\/#\/schema\/logo\/image\/"}}]}},"_links":{"self":[{"href":"https:\/\/spisskapalenica.sk\/en\/wp-json\/wp\/v2\/product\/3395","targetHints":{"allow":["GET"]}}],"collection":[{"href":"https:\/\/spisskapalenica.sk\/en\/wp-json\/wp\/v2\/product"}],"about":[{"href":"https:\/\/spisskapalenica.sk\/en\/wp-json\/wp\/v2\/types\/product"}],"wp:featuredmedia":[{"embeddable":true,"href":"https:\/\/spisskapalenica.sk\/en\/wp-json\/wp\/v2\/media\/4731"}],"wp:attachment":[{"href":"https:\/\/spisskapalenica.sk\/en\/wp-json\/wp\/v2\/media?parent=3395"}],"wp:term":[{"taxonomy":"product_brand","embeddable":true,"href":"https:\/\/spisskapalenica.sk\/en\/wp-json\/wp\/v2\/product_brand?post=3395"},{"taxonomy":"product_cat","embeddable":true,"href":"https:\/\/spisskapalenica.sk\/en\/wp-json\/wp\/v2\/product_cat?post=3395"},{"taxonomy":"product_tag","embeddable":true,"href":"https:\/\/spisskapalenica.sk\/en\/wp-json\/wp\/v2\/product_tag?post=3395"}],"curies":[{"name":"wp","href":"https:\/\/api.w.org\/{rel}","templated":true}]}}