{"id":3392,"date":"2021-12-15T12:22:17","date_gmt":"2022-10-05T08:56:44","guid":{"rendered":"https:\/\/spisskapalenica.sk\/produkt\/jogaila-rum-reserva-dry-38-50-ml\/"},"modified":"2022-12-09T13:43:46","modified_gmt":"2022-12-09T12:43:46","slug":"jogaila-rum-reserva-dry-50ml-2","status":"publish","type":"product","link":"https:\/\/spisskapalenica.sk\/en\/produkt\/jogaila-rum-reserva-dry-50ml-2\/","title":{"rendered":"Jogaila Rum Reserva dry 38% 50 ml"},"content":{"rendered":"<h3>About the procuct<\/h3>\n<p>Jogaila Rum Reserva dry is a true Caribbean rum, which stands out thanks to the process of continuous, multiple distillation of 100% real sugar cane. Subsequently, a specific process of maturation takes place in 300 litters oak barrels which were used to store high-grade 5-year-old Zamoyski Brandy, thus acquiring a richer and more developed taste.<br \/>\nBlending takes place exclusively in wooden oak vats, which are made of European oak, growing at an altitude of 800 m above sea level and consists of a perfect combination of rums from various barrels.<\/p>\n<p>The storage space, in which the temperature varies from -25\u00b0C to + 25\u00b0C during the year, significantly affects the quality of the rum itself. The combination \u201cDry\u201d means that the drink is intended to those who like less sweet rums (dry) and are looking for something truly original. Jogaila Rum Reserva dry is characterized by its oak scent with developed delicate features of brandy.<\/p>\n<h3>Vladislav II. Jagelo<\/h3>\n<p>Vladislav II. Jagelo (in Polish W\u0142adys\u0142aw II Jagie\u0142\u0142o), the original name of Jogaila, was the Lithuanian Grand Duke and the King of Poland (1386 &#8211; 1434). He is considered a founder of the Jagel dynasty. In 1386 the Grand Duke Jogaila in Krakow received a Christian faith by marrying Hedwiga of Anjou (Jadwiga of Anjou), a daughter of the Hungarian and Polish King Ludovit the Great, who granted the city of Star\u00e1 \u013dubov\u0148a many privileges in 1343, one of which was the right to the free service on tap. The wedding was attended by noblemen and affluent people from near and far regions. Among the gifts the newlyweds were given was also a sugar cane juice. Jogaila tasted the juice and its sweetness amazed him. The cane, however, could not be grown in the Central European conditions, so he kept this gift for special occasions.<\/p>\n<p>It is year 1412, the Polish-Hungarian bordertowns are being burnt down. War is raging in Central Europe. However, there is a new hope for peace at the \u013dubov\u0148a Castle. The King of Hungary Sigismund of Luxembourg and King of Poland Vladislav II. Jagelo met at the castle to sign the peace treaty between Hungary and Poland. During this stay, Vladislav remembered the gift he had received at the wedding with Ludovit&#8217;s daughter. He asked servants to bring the barrel. After 26 years, the gift in barrels fermented and created a new yet unrecognised drink &#8211; the predecessor of today&#8217;s rum. After the tasting by both Kings, the treaty was much easier to sign and peace consolidated between Hungary and Poland. The Treaty also provided for mutual support and assistance in the event of a threat to the countries. Jogaila Rum is a tribute to this extraordinary event and a revival of the story of this region.<\/p>\n","protected":false},"excerpt":{"rendered":"<p>Following a rich history it is our honour to inherit and hand down the distilling tradition from generation to generation. Jogaila Rum Reserva dry is a part of it!<\/p>\n","protected":false},"featured_media":3023,"template":"","meta":[],"product_brand":[],"product_cat":[62,60],"product_tag":[],"class_list":{"0":"post-3392","1":"product","2":"type-product","3":"status-publish","4":"has-post-thumbnail","6":"product_cat-005-l-en","7":"product_cat-noblemen-collection-en","9":"first","10":"instock","11":"taxable","12":"shipping-taxable","13":"product-type-simple"},"yoast_head":"<!-- This site is optimized with the Yoast SEO plugin v25.4 - https:\/\/yoast.com\/wordpress\/plugins\/seo\/ -->\n<title>Jogaila Rum Reserva dry 38% 50 ml - Spi\u0161sk\u00e1 P\u00e1lenica<\/title>\n<meta name=\"robots\" content=\"index, follow, max-snippet:-1, max-image-preview:large, max-video-preview:-1\" \/>\n<link rel=\"canonical\" href=\"https:\/\/spisskapalenica.sk\/en\/produkt\/jogaila-rum-reserva-dry-50ml-2\/\" \/>\n<meta property=\"og:locale\" content=\"en_US\" \/>\n<meta property=\"og:type\" content=\"article\" \/>\n<meta property=\"og:title\" content=\"Jogaila Rum Reserva dry 38% 50 ml - Spi\u0161sk\u00e1 P\u00e1lenica\" \/>\n<meta property=\"og:description\" content=\"Following a rich history it is our honour to inherit and hand down the distilling tradition from generation to generation. Jogaila Rum Reserva dry is a part of it!\" \/>\n<meta property=\"og:url\" content=\"https:\/\/spisskapalenica.sk\/en\/produkt\/jogaila-rum-reserva-dry-50ml-2\/\" \/>\n<meta property=\"og:site_name\" content=\"Spi\u0161sk\u00e1 P\u00e1lenica\" \/>\n<meta property=\"article:modified_time\" content=\"2022-12-09T12:43:46+00:00\" \/>\n<meta property=\"og:image\" content=\"https:\/\/spisskapalenica.sk\/wp-content\/uploads\/2021\/12\/jogaila-dry-web-1.png\" \/>\n\t<meta property=\"og:image:width\" content=\"1000\" \/>\n\t<meta property=\"og:image:height\" content=\"1000\" \/>\n\t<meta property=\"og:image:type\" content=\"image\/png\" \/>\n<meta name=\"twitter:card\" content=\"summary_large_image\" \/>\n<meta name=\"twitter:label1\" content=\"Est. reading time\" \/>\n\t<meta name=\"twitter:data1\" content=\"3 minutes\" \/>\n<script type=\"application\/ld+json\" class=\"yoast-schema-graph\">{\"@context\":\"https:\/\/schema.org\",\"@graph\":[{\"@type\":\"WebPage\",\"@id\":\"https:\/\/spisskapalenica.sk\/en\/produkt\/jogaila-rum-reserva-dry-50ml-2\/\",\"url\":\"https:\/\/spisskapalenica.sk\/en\/produkt\/jogaila-rum-reserva-dry-50ml-2\/\",\"name\":\"Jogaila Rum Reserva dry 38% 50 ml - Spi\u0161sk\u00e1 P\u00e1lenica\",\"isPartOf\":{\"@id\":\"https:\/\/spisskapalenica.sk\/en\/#website\"},\"primaryImageOfPage\":{\"@id\":\"https:\/\/spisskapalenica.sk\/en\/produkt\/jogaila-rum-reserva-dry-50ml-2\/#primaryimage\"},\"image\":{\"@id\":\"https:\/\/spisskapalenica.sk\/en\/produkt\/jogaila-rum-reserva-dry-50ml-2\/#primaryimage\"},\"thumbnailUrl\":\"https:\/\/spisskapalenica.sk\/wp-content\/uploads\/2021\/12\/jogaila-dry-web-1.png\",\"datePublished\":\"2022-10-05T08:56:44+00:00\",\"dateModified\":\"2022-12-09T12:43:46+00:00\",\"breadcrumb\":{\"@id\":\"https:\/\/spisskapalenica.sk\/en\/produkt\/jogaila-rum-reserva-dry-50ml-2\/#breadcrumb\"},\"inLanguage\":\"en-US\",\"potentialAction\":[{\"@type\":\"ReadAction\",\"target\":[\"https:\/\/spisskapalenica.sk\/en\/produkt\/jogaila-rum-reserva-dry-50ml-2\/\"]}]},{\"@type\":\"ImageObject\",\"inLanguage\":\"en-US\",\"@id\":\"https:\/\/spisskapalenica.sk\/en\/produkt\/jogaila-rum-reserva-dry-50ml-2\/#primaryimage\",\"url\":\"https:\/\/spisskapalenica.sk\/wp-content\/uploads\/2021\/12\/jogaila-dry-web-1.png\",\"contentUrl\":\"https:\/\/spisskapalenica.sk\/wp-content\/uploads\/2021\/12\/jogaila-dry-web-1.png\",\"width\":1000,\"height\":1000},{\"@type\":\"BreadcrumbList\",\"@id\":\"https:\/\/spisskapalenica.sk\/en\/produkt\/jogaila-rum-reserva-dry-50ml-2\/#breadcrumb\",\"itemListElement\":[{\"@type\":\"ListItem\",\"position\":1,\"name\":\"Domovsk\u00e1 str\u00e1nka\",\"item\":\"https:\/\/spisskapalenica.sk\/en\/\"},{\"@type\":\"ListItem\",\"position\":2,\"name\":\"Shop\",\"item\":\"https:\/\/spisskapalenica.sk\/shop\/\"},{\"@type\":\"ListItem\",\"position\":3,\"name\":\"Jogaila Rum Reserva dry 38% 50 ml\"}]},{\"@type\":\"WebSite\",\"@id\":\"https:\/\/spisskapalenica.sk\/en\/#website\",\"url\":\"https:\/\/spisskapalenica.sk\/en\/\",\"name\":\"Spi\u0161sk\u00e1 P\u00e1lenica\",\"description\":\"Unik\u00e1t na Severnom Spi\u0161i\",\"publisher\":{\"@id\":\"https:\/\/spisskapalenica.sk\/en\/#organization\"},\"potentialAction\":[{\"@type\":\"SearchAction\",\"target\":{\"@type\":\"EntryPoint\",\"urlTemplate\":\"https:\/\/spisskapalenica.sk\/en\/?s={search_term_string}\"},\"query-input\":{\"@type\":\"PropertyValueSpecification\",\"valueRequired\":true,\"valueName\":\"search_term_string\"}}],\"inLanguage\":\"en-US\"},{\"@type\":\"Organization\",\"@id\":\"https:\/\/spisskapalenica.sk\/en\/#organization\",\"name\":\"Spi\u0161sk\u00e1 P\u00e1lenica\",\"url\":\"https:\/\/spisskapalenica.sk\/en\/\",\"logo\":{\"@type\":\"ImageObject\",\"inLanguage\":\"en-US\",\"@id\":\"https:\/\/spisskapalenica.sk\/en\/#\/schema\/logo\/image\/\",\"url\":\"https:\/\/spisskapalenica.sk\/wp-content\/uploads\/2021\/06\/logo-spisska-palenica.svg\",\"contentUrl\":\"https:\/\/spisskapalenica.sk\/wp-content\/uploads\/2021\/06\/logo-spisska-palenica.svg\",\"width\":1770.5,\"height\":304.3999999999999772626324556767940521240234375,\"caption\":\"Spi\u0161sk\u00e1 P\u00e1lenica\"},\"image\":{\"@id\":\"https:\/\/spisskapalenica.sk\/en\/#\/schema\/logo\/image\/\"}}]}<\/script>\n<!-- \/ Yoast SEO plugin. -->","yoast_head_json":{"title":"Jogaila Rum Reserva dry 38% 50 ml - Spi\u0161sk\u00e1 P\u00e1lenica","robots":{"index":"index","follow":"follow","max-snippet":"max-snippet:-1","max-image-preview":"max-image-preview:large","max-video-preview":"max-video-preview:-1"},"canonical":"https:\/\/spisskapalenica.sk\/en\/produkt\/jogaila-rum-reserva-dry-50ml-2\/","og_locale":"en_US","og_type":"article","og_title":"Jogaila Rum Reserva dry 38% 50 ml - Spi\u0161sk\u00e1 P\u00e1lenica","og_description":"Following a rich history it is our honour to inherit and hand down the distilling tradition from generation to generation. Jogaila Rum Reserva dry is a part of it!","og_url":"https:\/\/spisskapalenica.sk\/en\/produkt\/jogaila-rum-reserva-dry-50ml-2\/","og_site_name":"Spi\u0161sk\u00e1 P\u00e1lenica","article_modified_time":"2022-12-09T12:43:46+00:00","og_image":[{"width":1000,"height":1000,"url":"https:\/\/spisskapalenica.sk\/wp-content\/uploads\/2021\/12\/jogaila-dry-web-1.png","type":"image\/png"}],"twitter_card":"summary_large_image","twitter_misc":{"Est. reading time":"3 minutes"},"schema":{"@context":"https:\/\/schema.org","@graph":[{"@type":"WebPage","@id":"https:\/\/spisskapalenica.sk\/en\/produkt\/jogaila-rum-reserva-dry-50ml-2\/","url":"https:\/\/spisskapalenica.sk\/en\/produkt\/jogaila-rum-reserva-dry-50ml-2\/","name":"Jogaila Rum Reserva dry 38% 50 ml - Spi\u0161sk\u00e1 P\u00e1lenica","isPartOf":{"@id":"https:\/\/spisskapalenica.sk\/en\/#website"},"primaryImageOfPage":{"@id":"https:\/\/spisskapalenica.sk\/en\/produkt\/jogaila-rum-reserva-dry-50ml-2\/#primaryimage"},"image":{"@id":"https:\/\/spisskapalenica.sk\/en\/produkt\/jogaila-rum-reserva-dry-50ml-2\/#primaryimage"},"thumbnailUrl":"https:\/\/spisskapalenica.sk\/wp-content\/uploads\/2021\/12\/jogaila-dry-web-1.png","datePublished":"2022-10-05T08:56:44+00:00","dateModified":"2022-12-09T12:43:46+00:00","breadcrumb":{"@id":"https:\/\/spisskapalenica.sk\/en\/produkt\/jogaila-rum-reserva-dry-50ml-2\/#breadcrumb"},"inLanguage":"en-US","potentialAction":[{"@type":"ReadAction","target":["https:\/\/spisskapalenica.sk\/en\/produkt\/jogaila-rum-reserva-dry-50ml-2\/"]}]},{"@type":"ImageObject","inLanguage":"en-US","@id":"https:\/\/spisskapalenica.sk\/en\/produkt\/jogaila-rum-reserva-dry-50ml-2\/#primaryimage","url":"https:\/\/spisskapalenica.sk\/wp-content\/uploads\/2021\/12\/jogaila-dry-web-1.png","contentUrl":"https:\/\/spisskapalenica.sk\/wp-content\/uploads\/2021\/12\/jogaila-dry-web-1.png","width":1000,"height":1000},{"@type":"BreadcrumbList","@id":"https:\/\/spisskapalenica.sk\/en\/produkt\/jogaila-rum-reserva-dry-50ml-2\/#breadcrumb","itemListElement":[{"@type":"ListItem","position":1,"name":"Domovsk\u00e1 str\u00e1nka","item":"https:\/\/spisskapalenica.sk\/en\/"},{"@type":"ListItem","position":2,"name":"Shop","item":"https:\/\/spisskapalenica.sk\/shop\/"},{"@type":"ListItem","position":3,"name":"Jogaila Rum Reserva dry 38% 50 ml"}]},{"@type":"WebSite","@id":"https:\/\/spisskapalenica.sk\/en\/#website","url":"https:\/\/spisskapalenica.sk\/en\/","name":"Spi\u0161sk\u00e1 P\u00e1lenica","description":"Unik\u00e1t na Severnom Spi\u0161i","publisher":{"@id":"https:\/\/spisskapalenica.sk\/en\/#organization"},"potentialAction":[{"@type":"SearchAction","target":{"@type":"EntryPoint","urlTemplate":"https:\/\/spisskapalenica.sk\/en\/?s={search_term_string}"},"query-input":{"@type":"PropertyValueSpecification","valueRequired":true,"valueName":"search_term_string"}}],"inLanguage":"en-US"},{"@type":"Organization","@id":"https:\/\/spisskapalenica.sk\/en\/#organization","name":"Spi\u0161sk\u00e1 P\u00e1lenica","url":"https:\/\/spisskapalenica.sk\/en\/","logo":{"@type":"ImageObject","inLanguage":"en-US","@id":"https:\/\/spisskapalenica.sk\/en\/#\/schema\/logo\/image\/","url":"https:\/\/spisskapalenica.sk\/wp-content\/uploads\/2021\/06\/logo-spisska-palenica.svg","contentUrl":"https:\/\/spisskapalenica.sk\/wp-content\/uploads\/2021\/06\/logo-spisska-palenica.svg","width":1770.5,"height":304.3999999999999772626324556767940521240234375,"caption":"Spi\u0161sk\u00e1 P\u00e1lenica"},"image":{"@id":"https:\/\/spisskapalenica.sk\/en\/#\/schema\/logo\/image\/"}}]}},"_links":{"self":[{"href":"https:\/\/spisskapalenica.sk\/en\/wp-json\/wp\/v2\/product\/3392","targetHints":{"allow":["GET"]}}],"collection":[{"href":"https:\/\/spisskapalenica.sk\/en\/wp-json\/wp\/v2\/product"}],"about":[{"href":"https:\/\/spisskapalenica.sk\/en\/wp-json\/wp\/v2\/types\/product"}],"wp:featuredmedia":[{"embeddable":true,"href":"https:\/\/spisskapalenica.sk\/en\/wp-json\/wp\/v2\/media\/3023"}],"wp:attachment":[{"href":"https:\/\/spisskapalenica.sk\/en\/wp-json\/wp\/v2\/media?parent=3392"}],"wp:term":[{"taxonomy":"product_brand","embeddable":true,"href":"https:\/\/spisskapalenica.sk\/en\/wp-json\/wp\/v2\/product_brand?post=3392"},{"taxonomy":"product_cat","embeddable":true,"href":"https:\/\/spisskapalenica.sk\/en\/wp-json\/wp\/v2\/product_cat?post=3392"},{"taxonomy":"product_tag","embeddable":true,"href":"https:\/\/spisskapalenica.sk\/en\/wp-json\/wp\/v2\/product_tag?post=3392"}],"curies":[{"name":"wp","href":"https:\/\/api.w.org\/{rel}","templated":true}]}}