{"id":3390,"date":"2021-06-07T17:07:49","date_gmt":"2022-10-05T08:49:39","guid":{"rendered":"https:\/\/spisskapalenica.sk\/produkt\/jan-ii-for-maria-gin-pink-375-07-l\/"},"modified":"2024-12-06T11:32:02","modified_gmt":"2024-12-06T10:32:02","slug":"jan-ii-for-maria-gin-pink-2","status":"publish","type":"product","link":"https:\/\/spisskapalenica.sk\/en\/produkt\/jan-ii-for-maria-gin-pink-2\/","title":{"rendered":"Jan II for Maria Gin pink 37,5% 0,7 l"},"content":{"rendered":"<h3>About the procuct<\/h3>\n<p>Gin Jan II for Maria pink is based on London dry gin flavored with natural fruity taste of wild strawberries. Delicious notes of fruit and juniper (Juniperus Communis), saturated with macerate of 7 selected local herbs from the region of Spi\u0161. Jointly, these ingredients create a delightful fruity aroma and rich balanced taste. Product quality is maintained by the process of 7-stage continuous distillation in copper stills at the Spi\u0161 distillery. Gin Jan II for Maria pink is an ideal base for preparation of long drinks. Enjoy a splendid atmosphere in the circle of your friends.<\/p>\n<h3>Ludwika Maria Gonzaga de Nevers<\/h3>\n<p>&#8220;Behind every strong man is an even stronger woman.&#8221; Such was the \u201cwife of two kings\u201d, Ludwika Maria Gonzagade Nevers.<\/p>\n<p>It\u00b4s been said that all bad is good for something. In Maria\u2019s case, this is twice the truth. Maria was to become a wife of the King W\u0142adys\u0142aw IV. Her beauty and her descent, however, did not help and the Polish king married Cecilia of Habsburg instead. After the death of Cecilia, Maria married W\u0142adys\u0142aw IV. At the wedding, Maria meets his brother Jan who represents Wladyslaw IV. on this ceremony. After W\u0142adys\u0142aw&#8217;s death, the strong-willed queen did everything for Jan II. Kazimierz Waza to become the king and her husband. Thanks to the queen\u2019s charm and her wit this came true and in 1649 Maria stood in front of the altar again.<\/p>\n<p>Maria was constantly looking out for new challenges during her life. She opened a literary salon in Paris and, following this example, the first literary salon in Poland. Jan II, out of great love for his wife, gifted Maria with his precious reserves of gin, which she then served to guests in the salon. The gin was often enriched with strawberries, which gave this drink an unmistakable pinkish tinge.<\/p>\n<p>On many occasions, the intelligent and unyielding queen supported her husband, but managed him, too. Maria used her qualities during the Swedish invasion, when she persuaded the king to transport the Polish coronation jewels to secure and protect them within the solid walls of the \u013dubov\u0148a Castle.<\/p>\n<p>Ludwika Maria died unexpectedly in Warsaw on May 10, 1667. Jan II Kazimierz abdicated the Polish throne a year later as he was not able by himself to cope with the heavy burden of responsibility of a Polish ruler. Every man needs a strong woman by his side, because even in chess, the queen protects the king. Building on the rich distilling history of this region, we are honoured to continue in the traditions of our ancestors and continually pass them down from generation to generation. Jan II for Maria Gin pink is one of them.<\/p>\n<h3>Awards<\/h3>\n<p><img decoding=\"async\" class=\"alignnone wp-image-5336\" src=\"https:\/\/spisskapalenica.sk\/wp-content\/uploads\/2021\/06\/gold-1-1.png\" alt=\"\" width=\"100\" height=\"100\" srcset=\"https:\/\/spisskapalenica.sk\/wp-content\/uploads\/2021\/06\/gold-1-1.png 440w, https:\/\/spisskapalenica.sk\/wp-content\/uploads\/2021\/06\/gold-1-1-100x100.png 100w\" sizes=\"(max-width: 100px) 100vw, 100px\" \/><img decoding=\"async\" class=\"alignnone wp-image-5339\" src=\"https:\/\/spisskapalenica.sk\/wp-content\/uploads\/2021\/06\/silver-medal-1.png\" alt=\"\" width=\"100\" height=\"100\" srcset=\"https:\/\/spisskapalenica.sk\/wp-content\/uploads\/2021\/06\/silver-medal-1.png 440w, https:\/\/spisskapalenica.sk\/wp-content\/uploads\/2021\/06\/silver-medal-1-100x100.png 100w\" sizes=\"(max-width: 100px) 100vw, 100px\" \/><\/p>\n","protected":false},"excerpt":{"rendered":"<p>Following a rich history it is our honour to inherit and hand down the distilling tradition from generation to generation. Jan II for Maria Gin pink is a part of it!<\/p>\n","protected":false},"featured_media":4721,"template":"","meta":[],"product_brand":[],"product_cat":[61,60],"product_tag":[],"class_list":{"0":"post-3390","1":"product","2":"type-product","3":"status-publish","4":"has-post-thumbnail","6":"product_cat-07-l-en","7":"product_cat-noblemen-collection-en","9":"first","10":"instock","11":"taxable","12":"shipping-taxable","13":"product-type-simple"},"yoast_head":"<!-- This site is optimized with the Yoast SEO plugin v25.4 - https:\/\/yoast.com\/wordpress\/plugins\/seo\/ -->\n<title>Jan II for Maria Gin pink 37,5% 0,7 l - Spi\u0161sk\u00e1 P\u00e1lenica<\/title>\n<meta name=\"robots\" content=\"index, follow, max-snippet:-1, max-image-preview:large, max-video-preview:-1\" \/>\n<link rel=\"canonical\" href=\"https:\/\/spisskapalenica.sk\/en\/produkt\/jan-ii-for-maria-gin-pink-2\/\" \/>\n<meta property=\"og:locale\" content=\"en_US\" \/>\n<meta property=\"og:type\" content=\"article\" \/>\n<meta property=\"og:title\" content=\"Jan II for Maria Gin pink 37,5% 0,7 l - Spi\u0161sk\u00e1 P\u00e1lenica\" \/>\n<meta property=\"og:description\" content=\"Following a rich history it is our honour to inherit and hand down the distilling tradition from generation to generation. Jan II for Maria Gin pink is a part of it!\" \/>\n<meta property=\"og:url\" content=\"https:\/\/spisskapalenica.sk\/en\/produkt\/jan-ii-for-maria-gin-pink-2\/\" \/>\n<meta property=\"og:site_name\" content=\"Spi\u0161sk\u00e1 P\u00e1lenica\" \/>\n<meta property=\"article:modified_time\" content=\"2024-12-06T10:32:02+00:00\" \/>\n<meta property=\"og:image\" content=\"https:\/\/spisskapalenica.sk\/wp-content\/uploads\/2021\/06\/gin-formaria.png\" \/>\n\t<meta property=\"og:image:width\" content=\"1500\" \/>\n\t<meta property=\"og:image:height\" content=\"1500\" \/>\n\t<meta property=\"og:image:type\" content=\"image\/png\" \/>\n<meta name=\"twitter:card\" content=\"summary_large_image\" \/>\n<meta name=\"twitter:label1\" content=\"Est. reading time\" \/>\n\t<meta name=\"twitter:data1\" content=\"4 minutes\" \/>\n<script type=\"application\/ld+json\" class=\"yoast-schema-graph\">{\"@context\":\"https:\/\/schema.org\",\"@graph\":[{\"@type\":\"WebPage\",\"@id\":\"https:\/\/spisskapalenica.sk\/en\/produkt\/jan-ii-for-maria-gin-pink-2\/\",\"url\":\"https:\/\/spisskapalenica.sk\/en\/produkt\/jan-ii-for-maria-gin-pink-2\/\",\"name\":\"Jan II for Maria Gin pink 37,5% 0,7 l - Spi\u0161sk\u00e1 P\u00e1lenica\",\"isPartOf\":{\"@id\":\"https:\/\/spisskapalenica.sk\/en\/#website\"},\"primaryImageOfPage\":{\"@id\":\"https:\/\/spisskapalenica.sk\/en\/produkt\/jan-ii-for-maria-gin-pink-2\/#primaryimage\"},\"image\":{\"@id\":\"https:\/\/spisskapalenica.sk\/en\/produkt\/jan-ii-for-maria-gin-pink-2\/#primaryimage\"},\"thumbnailUrl\":\"https:\/\/spisskapalenica.sk\/wp-content\/uploads\/2021\/06\/gin-formaria.png\",\"datePublished\":\"2022-10-05T08:49:39+00:00\",\"dateModified\":\"2024-12-06T10:32:02+00:00\",\"breadcrumb\":{\"@id\":\"https:\/\/spisskapalenica.sk\/en\/produkt\/jan-ii-for-maria-gin-pink-2\/#breadcrumb\"},\"inLanguage\":\"en-US\",\"potentialAction\":[{\"@type\":\"ReadAction\",\"target\":[\"https:\/\/spisskapalenica.sk\/en\/produkt\/jan-ii-for-maria-gin-pink-2\/\"]}]},{\"@type\":\"ImageObject\",\"inLanguage\":\"en-US\",\"@id\":\"https:\/\/spisskapalenica.sk\/en\/produkt\/jan-ii-for-maria-gin-pink-2\/#primaryimage\",\"url\":\"https:\/\/spisskapalenica.sk\/wp-content\/uploads\/2021\/06\/gin-formaria.png\",\"contentUrl\":\"https:\/\/spisskapalenica.sk\/wp-content\/uploads\/2021\/06\/gin-formaria.png\",\"width\":1500,\"height\":1500},{\"@type\":\"BreadcrumbList\",\"@id\":\"https:\/\/spisskapalenica.sk\/en\/produkt\/jan-ii-for-maria-gin-pink-2\/#breadcrumb\",\"itemListElement\":[{\"@type\":\"ListItem\",\"position\":1,\"name\":\"Domovsk\u00e1 str\u00e1nka\",\"item\":\"https:\/\/spisskapalenica.sk\/en\/\"},{\"@type\":\"ListItem\",\"position\":2,\"name\":\"Shop\",\"item\":\"https:\/\/spisskapalenica.sk\/shop\/\"},{\"@type\":\"ListItem\",\"position\":3,\"name\":\"Jan II for Maria Gin pink 37,5% 0,7 l\"}]},{\"@type\":\"WebSite\",\"@id\":\"https:\/\/spisskapalenica.sk\/en\/#website\",\"url\":\"https:\/\/spisskapalenica.sk\/en\/\",\"name\":\"Spi\u0161sk\u00e1 P\u00e1lenica\",\"description\":\"Unik\u00e1t na Severnom Spi\u0161i\",\"publisher\":{\"@id\":\"https:\/\/spisskapalenica.sk\/en\/#organization\"},\"potentialAction\":[{\"@type\":\"SearchAction\",\"target\":{\"@type\":\"EntryPoint\",\"urlTemplate\":\"https:\/\/spisskapalenica.sk\/en\/?s={search_term_string}\"},\"query-input\":{\"@type\":\"PropertyValueSpecification\",\"valueRequired\":true,\"valueName\":\"search_term_string\"}}],\"inLanguage\":\"en-US\"},{\"@type\":\"Organization\",\"@id\":\"https:\/\/spisskapalenica.sk\/en\/#organization\",\"name\":\"Spi\u0161sk\u00e1 P\u00e1lenica\",\"url\":\"https:\/\/spisskapalenica.sk\/en\/\",\"logo\":{\"@type\":\"ImageObject\",\"inLanguage\":\"en-US\",\"@id\":\"https:\/\/spisskapalenica.sk\/en\/#\/schema\/logo\/image\/\",\"url\":\"https:\/\/spisskapalenica.sk\/wp-content\/uploads\/2021\/06\/logo-spisska-palenica.svg\",\"contentUrl\":\"https:\/\/spisskapalenica.sk\/wp-content\/uploads\/2021\/06\/logo-spisska-palenica.svg\",\"width\":1770.5,\"height\":304.3999999999999772626324556767940521240234375,\"caption\":\"Spi\u0161sk\u00e1 P\u00e1lenica\"},\"image\":{\"@id\":\"https:\/\/spisskapalenica.sk\/en\/#\/schema\/logo\/image\/\"}}]}<\/script>\n<!-- \/ Yoast SEO plugin. -->","yoast_head_json":{"title":"Jan II for Maria Gin pink 37,5% 0,7 l - Spi\u0161sk\u00e1 P\u00e1lenica","robots":{"index":"index","follow":"follow","max-snippet":"max-snippet:-1","max-image-preview":"max-image-preview:large","max-video-preview":"max-video-preview:-1"},"canonical":"https:\/\/spisskapalenica.sk\/en\/produkt\/jan-ii-for-maria-gin-pink-2\/","og_locale":"en_US","og_type":"article","og_title":"Jan II for Maria Gin pink 37,5% 0,7 l - Spi\u0161sk\u00e1 P\u00e1lenica","og_description":"Following a rich history it is our honour to inherit and hand down the distilling tradition from generation to generation. Jan II for Maria Gin pink is a part of it!","og_url":"https:\/\/spisskapalenica.sk\/en\/produkt\/jan-ii-for-maria-gin-pink-2\/","og_site_name":"Spi\u0161sk\u00e1 P\u00e1lenica","article_modified_time":"2024-12-06T10:32:02+00:00","og_image":[{"url":"https:\/\/spisskapalenica.sk\/wp-content\/uploads\/2021\/06\/gin-formaria.png","width":1500,"height":1500,"type":"image\/png"}],"twitter_card":"summary_large_image","twitter_misc":{"Est. reading time":"4 minutes"},"schema":{"@context":"https:\/\/schema.org","@graph":[{"@type":"WebPage","@id":"https:\/\/spisskapalenica.sk\/en\/produkt\/jan-ii-for-maria-gin-pink-2\/","url":"https:\/\/spisskapalenica.sk\/en\/produkt\/jan-ii-for-maria-gin-pink-2\/","name":"Jan II for Maria Gin pink 37,5% 0,7 l - Spi\u0161sk\u00e1 P\u00e1lenica","isPartOf":{"@id":"https:\/\/spisskapalenica.sk\/en\/#website"},"primaryImageOfPage":{"@id":"https:\/\/spisskapalenica.sk\/en\/produkt\/jan-ii-for-maria-gin-pink-2\/#primaryimage"},"image":{"@id":"https:\/\/spisskapalenica.sk\/en\/produkt\/jan-ii-for-maria-gin-pink-2\/#primaryimage"},"thumbnailUrl":"https:\/\/spisskapalenica.sk\/wp-content\/uploads\/2021\/06\/gin-formaria.png","datePublished":"2022-10-05T08:49:39+00:00","dateModified":"2024-12-06T10:32:02+00:00","breadcrumb":{"@id":"https:\/\/spisskapalenica.sk\/en\/produkt\/jan-ii-for-maria-gin-pink-2\/#breadcrumb"},"inLanguage":"en-US","potentialAction":[{"@type":"ReadAction","target":["https:\/\/spisskapalenica.sk\/en\/produkt\/jan-ii-for-maria-gin-pink-2\/"]}]},{"@type":"ImageObject","inLanguage":"en-US","@id":"https:\/\/spisskapalenica.sk\/en\/produkt\/jan-ii-for-maria-gin-pink-2\/#primaryimage","url":"https:\/\/spisskapalenica.sk\/wp-content\/uploads\/2021\/06\/gin-formaria.png","contentUrl":"https:\/\/spisskapalenica.sk\/wp-content\/uploads\/2021\/06\/gin-formaria.png","width":1500,"height":1500},{"@type":"BreadcrumbList","@id":"https:\/\/spisskapalenica.sk\/en\/produkt\/jan-ii-for-maria-gin-pink-2\/#breadcrumb","itemListElement":[{"@type":"ListItem","position":1,"name":"Domovsk\u00e1 str\u00e1nka","item":"https:\/\/spisskapalenica.sk\/en\/"},{"@type":"ListItem","position":2,"name":"Shop","item":"https:\/\/spisskapalenica.sk\/shop\/"},{"@type":"ListItem","position":3,"name":"Jan II for Maria Gin pink 37,5% 0,7 l"}]},{"@type":"WebSite","@id":"https:\/\/spisskapalenica.sk\/en\/#website","url":"https:\/\/spisskapalenica.sk\/en\/","name":"Spi\u0161sk\u00e1 P\u00e1lenica","description":"Unik\u00e1t na Severnom Spi\u0161i","publisher":{"@id":"https:\/\/spisskapalenica.sk\/en\/#organization"},"potentialAction":[{"@type":"SearchAction","target":{"@type":"EntryPoint","urlTemplate":"https:\/\/spisskapalenica.sk\/en\/?s={search_term_string}"},"query-input":{"@type":"PropertyValueSpecification","valueRequired":true,"valueName":"search_term_string"}}],"inLanguage":"en-US"},{"@type":"Organization","@id":"https:\/\/spisskapalenica.sk\/en\/#organization","name":"Spi\u0161sk\u00e1 P\u00e1lenica","url":"https:\/\/spisskapalenica.sk\/en\/","logo":{"@type":"ImageObject","inLanguage":"en-US","@id":"https:\/\/spisskapalenica.sk\/en\/#\/schema\/logo\/image\/","url":"https:\/\/spisskapalenica.sk\/wp-content\/uploads\/2021\/06\/logo-spisska-palenica.svg","contentUrl":"https:\/\/spisskapalenica.sk\/wp-content\/uploads\/2021\/06\/logo-spisska-palenica.svg","width":1770.5,"height":304.3999999999999772626324556767940521240234375,"caption":"Spi\u0161sk\u00e1 P\u00e1lenica"},"image":{"@id":"https:\/\/spisskapalenica.sk\/en\/#\/schema\/logo\/image\/"}}]}},"_links":{"self":[{"href":"https:\/\/spisskapalenica.sk\/en\/wp-json\/wp\/v2\/product\/3390","targetHints":{"allow":["GET"]}}],"collection":[{"href":"https:\/\/spisskapalenica.sk\/en\/wp-json\/wp\/v2\/product"}],"about":[{"href":"https:\/\/spisskapalenica.sk\/en\/wp-json\/wp\/v2\/types\/product"}],"wp:featuredmedia":[{"embeddable":true,"href":"https:\/\/spisskapalenica.sk\/en\/wp-json\/wp\/v2\/media\/4721"}],"wp:attachment":[{"href":"https:\/\/spisskapalenica.sk\/en\/wp-json\/wp\/v2\/media?parent=3390"}],"wp:term":[{"taxonomy":"product_brand","embeddable":true,"href":"https:\/\/spisskapalenica.sk\/en\/wp-json\/wp\/v2\/product_brand?post=3390"},{"taxonomy":"product_cat","embeddable":true,"href":"https:\/\/spisskapalenica.sk\/en\/wp-json\/wp\/v2\/product_cat?post=3390"},{"taxonomy":"product_tag","embeddable":true,"href":"https:\/\/spisskapalenica.sk\/en\/wp-json\/wp\/v2\/product_tag?post=3390"}],"curies":[{"name":"wp","href":"https:\/\/api.w.org\/{rel}","templated":true}]}}