{"id":3389,"date":"2021-06-07T17:08:39","date_gmt":"2022-10-05T08:43:56","guid":{"rendered":"https:\/\/spisskapalenica.sk\/produkt\/jan-ii-gin-london-dry-40-07-l\/"},"modified":"2024-12-06T11:33:44","modified_gmt":"2024-12-06T10:33:44","slug":"jan-ii-gin-london-dry-2","status":"publish","type":"product","link":"https:\/\/spisskapalenica.sk\/en\/produkt\/jan-ii-gin-london-dry-2\/","title":{"rendered":"Jan II. Gin London dry 40% 0,7 l"},"content":{"rendered":"<h3>About the procuct<\/h3>\n<p>Jan II Gin London Dry is made with juniper berries &#8211; the Juniperus Communis. The juniper berries themselves are macerated in grain alcohol together with other 7 selected herbs: <span lang=\"EN-US\">Sweet flag root, <\/span>Yarrow, Peppermint leaf, <span lang=\"EN-US\">L<\/span>ittleleaf linden flower, Dill fetus, Lemon balm, Sticklewort.<\/p>\n<p>All the herbs come from the Spi\u0161 region, are handpicked and carefully sorted. High quality is guaranteed thanks to continuous distillation, which takes place in modern copper boilers directly in the Spi\u0161 distillery.<\/p>\n<p>The London Dry expression means that the drink is with no added sugar, free of sweeteners and flavourings. Due to high-quality spirit, Juniperus Communis and 7 botanicals, the gin obtains its light bitterness and balanced refreshing taste without a trace of hardness. It is a perfect base for cocktails and unique drinks are created of it in combination with citrus fruit.<\/p>\n<h3>Jan II. Kazimierz Waza<\/h3>\n<p>In the years of invasion of Poland by the Swedish Empire, the eminent ruler Jan II Kazimierz Waza (1648 &#8211; 1668) ruled Poland. In the English circles, Jan II was also known as John II Casimir Vasa. In 1655, hostile Swedish troops were approaching very quickly the capital city of Krakow, and the king himself was found in danger. Under the threat of the Wawel Castle occupation, Jan II decided to open the royal treasury and transport the crown jewels to a temporary shelter behind the solid walls of the Lubovnian Castle. This intention was carried out by the Mayor of Spi\u0161, Jerzy Sebastian Lubomirski. Jan II. Kazimierz was exiled to Silesia before the siege of Krakow.<\/p>\n<p>Worried about his people and his land, Jan II decided to return from the exile to free the Polish royal city. During his return in 1656, Jan II stopped at the Lubovnian Castle, where the most valuable treasures of the Kingdom of Poland were kept &#8211; the treasury and the Crown Jewels. A rare visit to Star\u00e1 \u013dubov\u0148a was presented in the novel \u201cThe Deluge\u201dby a famous writer Henryk Sienkiewicz.<\/p>\n<p>The life of Jan II was marked by wars not only with Sweden but also with other countries such as Russia, Turkey and other major powers. After very exhausting battles, yet other battles awaited his army, which the soldiers feared. That is why Jan II decided to serve his soldiers with gin, which at that time gained popularity in Europe also thanks to its healing properties. This drink was a relief for the soldiers suffering anxiety, fear and gave them strength and determination for further fighting.<\/p>\n<p>Perhaps also thanks to the &#8220;courage &#8211; bravery&#8221; of his army, great victories were achieved.<\/p>\n<h3>Awards<\/h3>\n<p><img decoding=\"async\" class=\"alignnone wp-image-5336\" src=\"https:\/\/spisskapalenica.sk\/wp-content\/uploads\/2021\/06\/gold-1-1.png\" alt=\"\" width=\"100\" height=\"100\" srcset=\"https:\/\/spisskapalenica.sk\/wp-content\/uploads\/2021\/06\/gold-1-1.png 440w, https:\/\/spisskapalenica.sk\/wp-content\/uploads\/2021\/06\/gold-1-1-100x100.png 100w\" sizes=\"(max-width: 100px) 100vw, 100px\" \/><img decoding=\"async\" class=\"alignnone wp-image-5342\" src=\"https:\/\/spisskapalenica.sk\/wp-content\/uploads\/2021\/06\/asset-26.png\" alt=\"\" width=\"100\" height=\"100\" srcset=\"https:\/\/spisskapalenica.sk\/wp-content\/uploads\/2021\/06\/asset-26.png 440w, https:\/\/spisskapalenica.sk\/wp-content\/uploads\/2021\/06\/asset-26-100x100.png 100w\" sizes=\"(max-width: 100px) 100vw, 100px\" \/><img decoding=\"async\" class=\"alignnone wp-image-5339\" src=\"https:\/\/spisskapalenica.sk\/wp-content\/uploads\/2021\/06\/silver-medal-1.png\" alt=\"\" width=\"100\" height=\"100\" srcset=\"https:\/\/spisskapalenica.sk\/wp-content\/uploads\/2021\/06\/silver-medal-1.png 440w, https:\/\/spisskapalenica.sk\/wp-content\/uploads\/2021\/06\/silver-medal-1-100x100.png 100w\" sizes=\"(max-width: 100px) 100vw, 100px\" \/><\/p>\n","protected":false},"excerpt":{"rendered":"<p>Following a rich history it is our honour to inherit and hand down the distilling tradition from generation to generation. Jan II. Gin is a part of it!<\/p>\n","protected":false},"featured_media":4718,"template":"","meta":[],"product_brand":[],"product_cat":[61,60],"product_tag":[],"class_list":{"0":"post-3389","1":"product","2":"type-product","3":"status-publish","4":"has-post-thumbnail","6":"product_cat-07-l-en","7":"product_cat-noblemen-collection-en","9":"first","10":"instock","11":"taxable","12":"shipping-taxable","13":"product-type-simple"},"yoast_head":"<!-- This site is optimized with the Yoast SEO plugin v25.4 - https:\/\/yoast.com\/wordpress\/plugins\/seo\/ -->\n<title>Jan II. Gin London dry 40% 0,7 l - Spi\u0161sk\u00e1 P\u00e1lenica<\/title>\n<meta name=\"robots\" content=\"index, follow, max-snippet:-1, max-image-preview:large, max-video-preview:-1\" \/>\n<link rel=\"canonical\" href=\"https:\/\/spisskapalenica.sk\/en\/produkt\/jan-ii-gin-london-dry-2\/\" \/>\n<meta property=\"og:locale\" content=\"en_US\" \/>\n<meta property=\"og:type\" content=\"article\" \/>\n<meta property=\"og:title\" content=\"Jan II. Gin London dry 40% 0,7 l - Spi\u0161sk\u00e1 P\u00e1lenica\" \/>\n<meta property=\"og:description\" content=\"Following a rich history it is our honour to inherit and hand down the distilling tradition from generation to generation. Jan II. Gin is a part of it!\" \/>\n<meta property=\"og:url\" content=\"https:\/\/spisskapalenica.sk\/en\/produkt\/jan-ii-gin-london-dry-2\/\" \/>\n<meta property=\"og:site_name\" content=\"Spi\u0161sk\u00e1 P\u00e1lenica\" \/>\n<meta property=\"article:modified_time\" content=\"2024-12-06T10:33:44+00:00\" \/>\n<meta property=\"og:image\" content=\"https:\/\/spisskapalenica.sk\/wp-content\/uploads\/2021\/06\/gin-janii.png\" \/>\n\t<meta property=\"og:image:width\" content=\"1500\" \/>\n\t<meta property=\"og:image:height\" content=\"1500\" \/>\n\t<meta property=\"og:image:type\" content=\"image\/png\" \/>\n<meta name=\"twitter:card\" content=\"summary_large_image\" \/>\n<meta name=\"twitter:label1\" content=\"Est. reading time\" \/>\n\t<meta name=\"twitter:data1\" content=\"4 minutes\" \/>\n<script type=\"application\/ld+json\" class=\"yoast-schema-graph\">{\"@context\":\"https:\/\/schema.org\",\"@graph\":[{\"@type\":\"WebPage\",\"@id\":\"https:\/\/spisskapalenica.sk\/en\/produkt\/jan-ii-gin-london-dry-2\/\",\"url\":\"https:\/\/spisskapalenica.sk\/en\/produkt\/jan-ii-gin-london-dry-2\/\",\"name\":\"Jan II. Gin London dry 40% 0,7 l - Spi\u0161sk\u00e1 P\u00e1lenica\",\"isPartOf\":{\"@id\":\"https:\/\/spisskapalenica.sk\/en\/#website\"},\"primaryImageOfPage\":{\"@id\":\"https:\/\/spisskapalenica.sk\/en\/produkt\/jan-ii-gin-london-dry-2\/#primaryimage\"},\"image\":{\"@id\":\"https:\/\/spisskapalenica.sk\/en\/produkt\/jan-ii-gin-london-dry-2\/#primaryimage\"},\"thumbnailUrl\":\"https:\/\/spisskapalenica.sk\/wp-content\/uploads\/2021\/06\/gin-janii.png\",\"datePublished\":\"2022-10-05T08:43:56+00:00\",\"dateModified\":\"2024-12-06T10:33:44+00:00\",\"breadcrumb\":{\"@id\":\"https:\/\/spisskapalenica.sk\/en\/produkt\/jan-ii-gin-london-dry-2\/#breadcrumb\"},\"inLanguage\":\"en-US\",\"potentialAction\":[{\"@type\":\"ReadAction\",\"target\":[\"https:\/\/spisskapalenica.sk\/en\/produkt\/jan-ii-gin-london-dry-2\/\"]}]},{\"@type\":\"ImageObject\",\"inLanguage\":\"en-US\",\"@id\":\"https:\/\/spisskapalenica.sk\/en\/produkt\/jan-ii-gin-london-dry-2\/#primaryimage\",\"url\":\"https:\/\/spisskapalenica.sk\/wp-content\/uploads\/2021\/06\/gin-janii.png\",\"contentUrl\":\"https:\/\/spisskapalenica.sk\/wp-content\/uploads\/2021\/06\/gin-janii.png\",\"width\":1500,\"height\":1500},{\"@type\":\"BreadcrumbList\",\"@id\":\"https:\/\/spisskapalenica.sk\/en\/produkt\/jan-ii-gin-london-dry-2\/#breadcrumb\",\"itemListElement\":[{\"@type\":\"ListItem\",\"position\":1,\"name\":\"Domovsk\u00e1 str\u00e1nka\",\"item\":\"https:\/\/spisskapalenica.sk\/en\/\"},{\"@type\":\"ListItem\",\"position\":2,\"name\":\"Shop\",\"item\":\"https:\/\/spisskapalenica.sk\/shop\/\"},{\"@type\":\"ListItem\",\"position\":3,\"name\":\"Jan II. Gin London dry 40% 0,7 l\"}]},{\"@type\":\"WebSite\",\"@id\":\"https:\/\/spisskapalenica.sk\/en\/#website\",\"url\":\"https:\/\/spisskapalenica.sk\/en\/\",\"name\":\"Spi\u0161sk\u00e1 P\u00e1lenica\",\"description\":\"Unik\u00e1t na Severnom Spi\u0161i\",\"publisher\":{\"@id\":\"https:\/\/spisskapalenica.sk\/en\/#organization\"},\"potentialAction\":[{\"@type\":\"SearchAction\",\"target\":{\"@type\":\"EntryPoint\",\"urlTemplate\":\"https:\/\/spisskapalenica.sk\/en\/?s={search_term_string}\"},\"query-input\":{\"@type\":\"PropertyValueSpecification\",\"valueRequired\":true,\"valueName\":\"search_term_string\"}}],\"inLanguage\":\"en-US\"},{\"@type\":\"Organization\",\"@id\":\"https:\/\/spisskapalenica.sk\/en\/#organization\",\"name\":\"Spi\u0161sk\u00e1 P\u00e1lenica\",\"url\":\"https:\/\/spisskapalenica.sk\/en\/\",\"logo\":{\"@type\":\"ImageObject\",\"inLanguage\":\"en-US\",\"@id\":\"https:\/\/spisskapalenica.sk\/en\/#\/schema\/logo\/image\/\",\"url\":\"https:\/\/spisskapalenica.sk\/wp-content\/uploads\/2021\/06\/logo-spisska-palenica.svg\",\"contentUrl\":\"https:\/\/spisskapalenica.sk\/wp-content\/uploads\/2021\/06\/logo-spisska-palenica.svg\",\"width\":1770.5,\"height\":304.3999999999999772626324556767940521240234375,\"caption\":\"Spi\u0161sk\u00e1 P\u00e1lenica\"},\"image\":{\"@id\":\"https:\/\/spisskapalenica.sk\/en\/#\/schema\/logo\/image\/\"}}]}<\/script>\n<!-- \/ Yoast SEO plugin. -->","yoast_head_json":{"title":"Jan II. Gin London dry 40% 0,7 l - Spi\u0161sk\u00e1 P\u00e1lenica","robots":{"index":"index","follow":"follow","max-snippet":"max-snippet:-1","max-image-preview":"max-image-preview:large","max-video-preview":"max-video-preview:-1"},"canonical":"https:\/\/spisskapalenica.sk\/en\/produkt\/jan-ii-gin-london-dry-2\/","og_locale":"en_US","og_type":"article","og_title":"Jan II. Gin London dry 40% 0,7 l - Spi\u0161sk\u00e1 P\u00e1lenica","og_description":"Following a rich history it is our honour to inherit and hand down the distilling tradition from generation to generation. Jan II. Gin is a part of it!","og_url":"https:\/\/spisskapalenica.sk\/en\/produkt\/jan-ii-gin-london-dry-2\/","og_site_name":"Spi\u0161sk\u00e1 P\u00e1lenica","article_modified_time":"2024-12-06T10:33:44+00:00","og_image":[{"url":"https:\/\/spisskapalenica.sk\/wp-content\/uploads\/2021\/06\/gin-janii.png","width":1500,"height":1500,"type":"image\/png"}],"twitter_card":"summary_large_image","twitter_misc":{"Est. reading time":"4 minutes"},"schema":{"@context":"https:\/\/schema.org","@graph":[{"@type":"WebPage","@id":"https:\/\/spisskapalenica.sk\/en\/produkt\/jan-ii-gin-london-dry-2\/","url":"https:\/\/spisskapalenica.sk\/en\/produkt\/jan-ii-gin-london-dry-2\/","name":"Jan II. Gin London dry 40% 0,7 l - Spi\u0161sk\u00e1 P\u00e1lenica","isPartOf":{"@id":"https:\/\/spisskapalenica.sk\/en\/#website"},"primaryImageOfPage":{"@id":"https:\/\/spisskapalenica.sk\/en\/produkt\/jan-ii-gin-london-dry-2\/#primaryimage"},"image":{"@id":"https:\/\/spisskapalenica.sk\/en\/produkt\/jan-ii-gin-london-dry-2\/#primaryimage"},"thumbnailUrl":"https:\/\/spisskapalenica.sk\/wp-content\/uploads\/2021\/06\/gin-janii.png","datePublished":"2022-10-05T08:43:56+00:00","dateModified":"2024-12-06T10:33:44+00:00","breadcrumb":{"@id":"https:\/\/spisskapalenica.sk\/en\/produkt\/jan-ii-gin-london-dry-2\/#breadcrumb"},"inLanguage":"en-US","potentialAction":[{"@type":"ReadAction","target":["https:\/\/spisskapalenica.sk\/en\/produkt\/jan-ii-gin-london-dry-2\/"]}]},{"@type":"ImageObject","inLanguage":"en-US","@id":"https:\/\/spisskapalenica.sk\/en\/produkt\/jan-ii-gin-london-dry-2\/#primaryimage","url":"https:\/\/spisskapalenica.sk\/wp-content\/uploads\/2021\/06\/gin-janii.png","contentUrl":"https:\/\/spisskapalenica.sk\/wp-content\/uploads\/2021\/06\/gin-janii.png","width":1500,"height":1500},{"@type":"BreadcrumbList","@id":"https:\/\/spisskapalenica.sk\/en\/produkt\/jan-ii-gin-london-dry-2\/#breadcrumb","itemListElement":[{"@type":"ListItem","position":1,"name":"Domovsk\u00e1 str\u00e1nka","item":"https:\/\/spisskapalenica.sk\/en\/"},{"@type":"ListItem","position":2,"name":"Shop","item":"https:\/\/spisskapalenica.sk\/shop\/"},{"@type":"ListItem","position":3,"name":"Jan II. Gin London dry 40% 0,7 l"}]},{"@type":"WebSite","@id":"https:\/\/spisskapalenica.sk\/en\/#website","url":"https:\/\/spisskapalenica.sk\/en\/","name":"Spi\u0161sk\u00e1 P\u00e1lenica","description":"Unik\u00e1t na Severnom Spi\u0161i","publisher":{"@id":"https:\/\/spisskapalenica.sk\/en\/#organization"},"potentialAction":[{"@type":"SearchAction","target":{"@type":"EntryPoint","urlTemplate":"https:\/\/spisskapalenica.sk\/en\/?s={search_term_string}"},"query-input":{"@type":"PropertyValueSpecification","valueRequired":true,"valueName":"search_term_string"}}],"inLanguage":"en-US"},{"@type":"Organization","@id":"https:\/\/spisskapalenica.sk\/en\/#organization","name":"Spi\u0161sk\u00e1 P\u00e1lenica","url":"https:\/\/spisskapalenica.sk\/en\/","logo":{"@type":"ImageObject","inLanguage":"en-US","@id":"https:\/\/spisskapalenica.sk\/en\/#\/schema\/logo\/image\/","url":"https:\/\/spisskapalenica.sk\/wp-content\/uploads\/2021\/06\/logo-spisska-palenica.svg","contentUrl":"https:\/\/spisskapalenica.sk\/wp-content\/uploads\/2021\/06\/logo-spisska-palenica.svg","width":1770.5,"height":304.3999999999999772626324556767940521240234375,"caption":"Spi\u0161sk\u00e1 P\u00e1lenica"},"image":{"@id":"https:\/\/spisskapalenica.sk\/en\/#\/schema\/logo\/image\/"}}]}},"_links":{"self":[{"href":"https:\/\/spisskapalenica.sk\/en\/wp-json\/wp\/v2\/product\/3389","targetHints":{"allow":["GET"]}}],"collection":[{"href":"https:\/\/spisskapalenica.sk\/en\/wp-json\/wp\/v2\/product"}],"about":[{"href":"https:\/\/spisskapalenica.sk\/en\/wp-json\/wp\/v2\/types\/product"}],"wp:featuredmedia":[{"embeddable":true,"href":"https:\/\/spisskapalenica.sk\/en\/wp-json\/wp\/v2\/media\/4718"}],"wp:attachment":[{"href":"https:\/\/spisskapalenica.sk\/en\/wp-json\/wp\/v2\/media?parent=3389"}],"wp:term":[{"taxonomy":"product_brand","embeddable":true,"href":"https:\/\/spisskapalenica.sk\/en\/wp-json\/wp\/v2\/product_brand?post=3389"},{"taxonomy":"product_cat","embeddable":true,"href":"https:\/\/spisskapalenica.sk\/en\/wp-json\/wp\/v2\/product_cat?post=3389"},{"taxonomy":"product_tag","embeddable":true,"href":"https:\/\/spisskapalenica.sk\/en\/wp-json\/wp\/v2\/product_tag?post=3389"}],"curies":[{"name":"wp","href":"https:\/\/api.w.org\/{rel}","templated":true}]}}