{"id":3385,"date":"2021-06-07T17:05:32","date_gmt":"2021-06-07T15:05:32","guid":{"rendered":"https:\/\/spisskapalenica.sk\/produkt\/zamoyski-brandy-special-v-s-o-p\/"},"modified":"2021-06-07T17:05:32","modified_gmt":"2021-06-07T15:05:32","slug":"zamoyski-brandy-special-v-s-o-p","status":"publish","type":"product","link":"https:\/\/spisskapalenica.sk\/en\/produkt\/zamoyski-brandy-special-v-s-o-p\/","title":{"rendered":"Zamoyski Brandy Special V.S.O.P. 40% 0,7 l"},"content":{"rendered":"<h3>About the procuct<\/h3>\n<p>Zamoyski Brandy SPECIAL V.S.O.P.  has been created in exceptional 7-stage distillation of selected young wine varieties \u2013 Green Veltliner and Rizling. Young wine of these varieties is characterised by its distinctive taste and aroma. The wine is light and fresh, which significantly affects the aroma and taste of the distillate.<\/p>\n<p>The product matures for at least 8 years in 300 litre barrels made of European Oak (Quercus Robur), which has grown at an altitude of 800 m above sea level.<br \/>\nTo achieve the uniqueness of the distillate, levelling takes place in wooden vats made of French Oak.<\/p>\n<p>Another attribute is the effect of open storage space, in which the year round temperature ranges from -25\u00b0C up to + 25\u00b0C. Barrels, at different temperatures, impart different intensities of flavours and aromas to the brandy, which further enriches the brandy taste itself.<br \/>\nTo achieve the purity of the brandy from a physical -chemical point of view, a unique filtration equipment is used, which is a strictly protected company secret.<\/p>\n<p>Only 100% natural raw ingredients were used for the production of Zamoyski Brandy SPECIAL V.S.O.P.<\/p>\n<p>Brandy offers the aroma of raisins and vanilla, and a soft smoothness with a fresh fruity whiff.<\/p>\n<h3>Andrzej Przemys\u0142aw Zamoyski<\/h3>\n<p>The aristocratic family of Zamoyski\u00a0were\u00a0the last owners of the \u013dubov\u0148a\u00a0castle.\u00a0<\/p>\n<p>Andrzej\u00a0Przemyslaw\u00a0Zamoyski\u00a0was astonished by the nature of Northern\u00a0Spi\u0161\u00a0region with its unique water resources flowing out from the heart\u00a0of the High Tatras\u00a0mountains. <\/p>\n<p>In 1882, he decided to buy the castle dominion together with the nearby spa\u00a0Vy\u0161n\u00e9\u00a0Ru\u017ebachy.\u00a0Two years later in Paris,\u00a0Andrzej\u00a0married\u00a0Carolina de Bourbon, titled as \u201eThe Princess of Two\u00a0Sicilies\u201c. Out of the love for her husband she agreed to move and to live in the Spi\u0161\u00a0region. Together with a wealthy dowry she brought to the \u013dubov\u0148a\u00a0castle the new alcohol distillation trend, and the\u00a0new and yet unknown beverage &#8211; brandy.\u00a0<\/p>\n<p>It\u00b4s been said that wine imported to the castle dominion from the princess\u00b4 homeland encouraged\u00a0local people to make distillate out of it, trying to imitate noble brandy of royal taste and aroma.\u00a0With its exceptional qualities this brandy acquired a\u00a0respectable place on\u00a0the castle\u00a0table during all major negotiations and celebrations.\u00a0<\/p>\n<p>Following the rich history it is our honour to inherit and hand down the distilling tradition from generation to generation. Zamoyski brandy is a part of it!<\/p>\n","protected":false},"excerpt":{"rendered":"<p>Following the rich history it is our honour to inherit and hand down the distilling tradition from generation to generation. Zamoyski brandy is a part of it!<\/p>\n","protected":false},"featured_media":2304,"template":"","meta":[],"product_brand":[],"product_cat":[61,60],"product_tag":[],"class_list":{"0":"post-3385","1":"product","2":"type-product","3":"status-publish","4":"has-post-thumbnail","6":"product_cat-07-l-en","7":"product_cat-noblemen-collection-en","9":"first","10":"instock","11":"taxable","12":"shipping-taxable","13":"product-type-simple"},"yoast_head":"<!-- This site is optimized with the Yoast SEO plugin v25.4 - https:\/\/yoast.com\/wordpress\/plugins\/seo\/ -->\n<title>Zamoyski Brandy Special V.S.O.P. 40% 0,7 l - Spi\u0161sk\u00e1 P\u00e1lenica<\/title>\n<meta name=\"robots\" content=\"index, follow, max-snippet:-1, max-image-preview:large, max-video-preview:-1\" \/>\n<link rel=\"canonical\" href=\"https:\/\/spisskapalenica.sk\/en\/produkt\/zamoyski-brandy-special-v-s-o-p\/\" \/>\n<meta property=\"og:locale\" content=\"en_US\" \/>\n<meta property=\"og:type\" content=\"article\" \/>\n<meta property=\"og:title\" content=\"Zamoyski Brandy Special V.S.O.P. 40% 0,7 l - Spi\u0161sk\u00e1 P\u00e1lenica\" \/>\n<meta property=\"og:description\" content=\"Following the rich history it is our honour to inherit and hand down the distilling tradition from generation to generation. Zamoyski brandy is a part of it!\" \/>\n<meta property=\"og:url\" content=\"https:\/\/spisskapalenica.sk\/en\/produkt\/zamoyski-brandy-special-v-s-o-p\/\" \/>\n<meta property=\"og:site_name\" content=\"Spi\u0161sk\u00e1 P\u00e1lenica\" \/>\n<meta property=\"og:image\" content=\"https:\/\/spisskapalenica.sk\/wp-content\/uploads\/2021\/06\/brady.png\" \/>\n\t<meta property=\"og:image:width\" content=\"1000\" \/>\n\t<meta property=\"og:image:height\" content=\"1000\" \/>\n\t<meta property=\"og:image:type\" content=\"image\/png\" \/>\n<meta name=\"twitter:card\" content=\"summary_large_image\" \/>\n<meta name=\"twitter:label1\" content=\"Est. reading time\" \/>\n\t<meta name=\"twitter:data1\" content=\"2 minutes\" \/>\n<script type=\"application\/ld+json\" class=\"yoast-schema-graph\">{\"@context\":\"https:\/\/schema.org\",\"@graph\":[{\"@type\":\"WebPage\",\"@id\":\"https:\/\/spisskapalenica.sk\/en\/produkt\/zamoyski-brandy-special-v-s-o-p\/\",\"url\":\"https:\/\/spisskapalenica.sk\/en\/produkt\/zamoyski-brandy-special-v-s-o-p\/\",\"name\":\"Zamoyski Brandy Special V.S.O.P. 40% 0,7 l - Spi\u0161sk\u00e1 P\u00e1lenica\",\"isPartOf\":{\"@id\":\"https:\/\/spisskapalenica.sk\/en\/#website\"},\"primaryImageOfPage\":{\"@id\":\"https:\/\/spisskapalenica.sk\/en\/produkt\/zamoyski-brandy-special-v-s-o-p\/#primaryimage\"},\"image\":{\"@id\":\"https:\/\/spisskapalenica.sk\/en\/produkt\/zamoyski-brandy-special-v-s-o-p\/#primaryimage\"},\"thumbnailUrl\":\"https:\/\/spisskapalenica.sk\/wp-content\/uploads\/2021\/06\/brady.png\",\"datePublished\":\"2021-06-07T15:05:32+00:00\",\"breadcrumb\":{\"@id\":\"https:\/\/spisskapalenica.sk\/en\/produkt\/zamoyski-brandy-special-v-s-o-p\/#breadcrumb\"},\"inLanguage\":\"en-US\",\"potentialAction\":[{\"@type\":\"ReadAction\",\"target\":[\"https:\/\/spisskapalenica.sk\/en\/produkt\/zamoyski-brandy-special-v-s-o-p\/\"]}]},{\"@type\":\"ImageObject\",\"inLanguage\":\"en-US\",\"@id\":\"https:\/\/spisskapalenica.sk\/en\/produkt\/zamoyski-brandy-special-v-s-o-p\/#primaryimage\",\"url\":\"https:\/\/spisskapalenica.sk\/wp-content\/uploads\/2021\/06\/brady.png\",\"contentUrl\":\"https:\/\/spisskapalenica.sk\/wp-content\/uploads\/2021\/06\/brady.png\",\"width\":1000,\"height\":1000},{\"@type\":\"BreadcrumbList\",\"@id\":\"https:\/\/spisskapalenica.sk\/en\/produkt\/zamoyski-brandy-special-v-s-o-p\/#breadcrumb\",\"itemListElement\":[{\"@type\":\"ListItem\",\"position\":1,\"name\":\"Domovsk\u00e1 str\u00e1nka\",\"item\":\"https:\/\/spisskapalenica.sk\/en\/\"},{\"@type\":\"ListItem\",\"position\":2,\"name\":\"Shop\",\"item\":\"https:\/\/spisskapalenica.sk\/shop\/\"},{\"@type\":\"ListItem\",\"position\":3,\"name\":\"Zamoyski Brandy Special V.S.O.P. 40% 0,7 l\"}]},{\"@type\":\"WebSite\",\"@id\":\"https:\/\/spisskapalenica.sk\/en\/#website\",\"url\":\"https:\/\/spisskapalenica.sk\/en\/\",\"name\":\"Spi\u0161sk\u00e1 P\u00e1lenica\",\"description\":\"Unik\u00e1t na Severnom Spi\u0161i\",\"publisher\":{\"@id\":\"https:\/\/spisskapalenica.sk\/en\/#organization\"},\"potentialAction\":[{\"@type\":\"SearchAction\",\"target\":{\"@type\":\"EntryPoint\",\"urlTemplate\":\"https:\/\/spisskapalenica.sk\/en\/?s={search_term_string}\"},\"query-input\":{\"@type\":\"PropertyValueSpecification\",\"valueRequired\":true,\"valueName\":\"search_term_string\"}}],\"inLanguage\":\"en-US\"},{\"@type\":\"Organization\",\"@id\":\"https:\/\/spisskapalenica.sk\/en\/#organization\",\"name\":\"Spi\u0161sk\u00e1 P\u00e1lenica\",\"url\":\"https:\/\/spisskapalenica.sk\/en\/\",\"logo\":{\"@type\":\"ImageObject\",\"inLanguage\":\"en-US\",\"@id\":\"https:\/\/spisskapalenica.sk\/en\/#\/schema\/logo\/image\/\",\"url\":\"https:\/\/spisskapalenica.sk\/wp-content\/uploads\/2021\/06\/logo-spisska-palenica.svg\",\"contentUrl\":\"https:\/\/spisskapalenica.sk\/wp-content\/uploads\/2021\/06\/logo-spisska-palenica.svg\",\"width\":1770.5,\"height\":304.3999999999999772626324556767940521240234375,\"caption\":\"Spi\u0161sk\u00e1 P\u00e1lenica\"},\"image\":{\"@id\":\"https:\/\/spisskapalenica.sk\/en\/#\/schema\/logo\/image\/\"}}]}<\/script>\n<!-- \/ Yoast SEO plugin. -->","yoast_head_json":{"title":"Zamoyski Brandy Special V.S.O.P. 40% 0,7 l - Spi\u0161sk\u00e1 P\u00e1lenica","robots":{"index":"index","follow":"follow","max-snippet":"max-snippet:-1","max-image-preview":"max-image-preview:large","max-video-preview":"max-video-preview:-1"},"canonical":"https:\/\/spisskapalenica.sk\/en\/produkt\/zamoyski-brandy-special-v-s-o-p\/","og_locale":"en_US","og_type":"article","og_title":"Zamoyski Brandy Special V.S.O.P. 40% 0,7 l - Spi\u0161sk\u00e1 P\u00e1lenica","og_description":"Following the rich history it is our honour to inherit and hand down the distilling tradition from generation to generation. Zamoyski brandy is a part of it!","og_url":"https:\/\/spisskapalenica.sk\/en\/produkt\/zamoyski-brandy-special-v-s-o-p\/","og_site_name":"Spi\u0161sk\u00e1 P\u00e1lenica","og_image":[{"width":1000,"height":1000,"url":"https:\/\/spisskapalenica.sk\/wp-content\/uploads\/2021\/06\/brady.png","type":"image\/png"}],"twitter_card":"summary_large_image","twitter_misc":{"Est. reading time":"2 minutes"},"schema":{"@context":"https:\/\/schema.org","@graph":[{"@type":"WebPage","@id":"https:\/\/spisskapalenica.sk\/en\/produkt\/zamoyski-brandy-special-v-s-o-p\/","url":"https:\/\/spisskapalenica.sk\/en\/produkt\/zamoyski-brandy-special-v-s-o-p\/","name":"Zamoyski Brandy Special V.S.O.P. 40% 0,7 l - Spi\u0161sk\u00e1 P\u00e1lenica","isPartOf":{"@id":"https:\/\/spisskapalenica.sk\/en\/#website"},"primaryImageOfPage":{"@id":"https:\/\/spisskapalenica.sk\/en\/produkt\/zamoyski-brandy-special-v-s-o-p\/#primaryimage"},"image":{"@id":"https:\/\/spisskapalenica.sk\/en\/produkt\/zamoyski-brandy-special-v-s-o-p\/#primaryimage"},"thumbnailUrl":"https:\/\/spisskapalenica.sk\/wp-content\/uploads\/2021\/06\/brady.png","datePublished":"2021-06-07T15:05:32+00:00","breadcrumb":{"@id":"https:\/\/spisskapalenica.sk\/en\/produkt\/zamoyski-brandy-special-v-s-o-p\/#breadcrumb"},"inLanguage":"en-US","potentialAction":[{"@type":"ReadAction","target":["https:\/\/spisskapalenica.sk\/en\/produkt\/zamoyski-brandy-special-v-s-o-p\/"]}]},{"@type":"ImageObject","inLanguage":"en-US","@id":"https:\/\/spisskapalenica.sk\/en\/produkt\/zamoyski-brandy-special-v-s-o-p\/#primaryimage","url":"https:\/\/spisskapalenica.sk\/wp-content\/uploads\/2021\/06\/brady.png","contentUrl":"https:\/\/spisskapalenica.sk\/wp-content\/uploads\/2021\/06\/brady.png","width":1000,"height":1000},{"@type":"BreadcrumbList","@id":"https:\/\/spisskapalenica.sk\/en\/produkt\/zamoyski-brandy-special-v-s-o-p\/#breadcrumb","itemListElement":[{"@type":"ListItem","position":1,"name":"Domovsk\u00e1 str\u00e1nka","item":"https:\/\/spisskapalenica.sk\/en\/"},{"@type":"ListItem","position":2,"name":"Shop","item":"https:\/\/spisskapalenica.sk\/shop\/"},{"@type":"ListItem","position":3,"name":"Zamoyski Brandy Special V.S.O.P. 40% 0,7 l"}]},{"@type":"WebSite","@id":"https:\/\/spisskapalenica.sk\/en\/#website","url":"https:\/\/spisskapalenica.sk\/en\/","name":"Spi\u0161sk\u00e1 P\u00e1lenica","description":"Unik\u00e1t na Severnom Spi\u0161i","publisher":{"@id":"https:\/\/spisskapalenica.sk\/en\/#organization"},"potentialAction":[{"@type":"SearchAction","target":{"@type":"EntryPoint","urlTemplate":"https:\/\/spisskapalenica.sk\/en\/?s={search_term_string}"},"query-input":{"@type":"PropertyValueSpecification","valueRequired":true,"valueName":"search_term_string"}}],"inLanguage":"en-US"},{"@type":"Organization","@id":"https:\/\/spisskapalenica.sk\/en\/#organization","name":"Spi\u0161sk\u00e1 P\u00e1lenica","url":"https:\/\/spisskapalenica.sk\/en\/","logo":{"@type":"ImageObject","inLanguage":"en-US","@id":"https:\/\/spisskapalenica.sk\/en\/#\/schema\/logo\/image\/","url":"https:\/\/spisskapalenica.sk\/wp-content\/uploads\/2021\/06\/logo-spisska-palenica.svg","contentUrl":"https:\/\/spisskapalenica.sk\/wp-content\/uploads\/2021\/06\/logo-spisska-palenica.svg","width":1770.5,"height":304.3999999999999772626324556767940521240234375,"caption":"Spi\u0161sk\u00e1 P\u00e1lenica"},"image":{"@id":"https:\/\/spisskapalenica.sk\/en\/#\/schema\/logo\/image\/"}}]}},"_links":{"self":[{"href":"https:\/\/spisskapalenica.sk\/en\/wp-json\/wp\/v2\/product\/3385","targetHints":{"allow":["GET"]}}],"collection":[{"href":"https:\/\/spisskapalenica.sk\/en\/wp-json\/wp\/v2\/product"}],"about":[{"href":"https:\/\/spisskapalenica.sk\/en\/wp-json\/wp\/v2\/types\/product"}],"wp:featuredmedia":[{"embeddable":true,"href":"https:\/\/spisskapalenica.sk\/en\/wp-json\/wp\/v2\/media\/2304"}],"wp:attachment":[{"href":"https:\/\/spisskapalenica.sk\/en\/wp-json\/wp\/v2\/media?parent=3385"}],"wp:term":[{"taxonomy":"product_brand","embeddable":true,"href":"https:\/\/spisskapalenica.sk\/en\/wp-json\/wp\/v2\/product_brand?post=3385"},{"taxonomy":"product_cat","embeddable":true,"href":"https:\/\/spisskapalenica.sk\/en\/wp-json\/wp\/v2\/product_cat?post=3385"},{"taxonomy":"product_tag","embeddable":true,"href":"https:\/\/spisskapalenica.sk\/en\/wp-json\/wp\/v2\/product_tag?post=3385"}],"curies":[{"name":"wp","href":"https:\/\/api.w.org\/{rel}","templated":true}]}}